{"id":97,"date":"2023-07-02T13:36:45","date_gmt":"2023-07-02T11:36:45","guid":{"rendered":"https:\/\/lemontec.ch\/?page_id=97"},"modified":"2026-03-03T17:36:53","modified_gmt":"2026-03-03T16:36:53","slug":"home","status":"publish","type":"page","link":"https:\/\/lemontec.ch\/it\/","title":{"rendered":"Home"},"content":{"rendered":"<div data-elementor-type=\"wp-page\" data-elementor-id=\"97\" class=\"elementor elementor-97\">\n\t\t\t\t\t\t<section class=\"elementor-section elementor-top-section elementor-element elementor-element-b3ab729 elementor-section-boxed elementor-section-height-default elementor-section-height-default\" data-id=\"b3ab729\" data-element_type=\"section\">\n\t\t\t\t\t\t<div class=\"elementor-container elementor-column-gap-default\">\n\t\t\t\t\t<div class=\"elementor-column elementor-col-100 elementor-top-column elementor-element elementor-element-8d86a14\" data-id=\"8d86a14\" data-element_type=\"column\">\n\t\t\t<div class=\"elementor-widget-wrap elementor-element-populated\">\n\t\t\t\t\t\t<div class=\"elementor-element elementor-element-ff04876 elementor-widget elementor-widget-spacer\" data-id=\"ff04876\" data-element_type=\"widget\" data-widget_type=\"spacer.default\">\n\t\t\t\t<div class=\"elementor-widget-container\">\n\t\t\t\t\t<div class=\"elementor-spacer\">\n\t\t\t<div class=\"elementor-spacer-inner\"><\/div>\n\t\t<\/div>\n\t\t\t\t<\/div>\n\t\t\t\t<\/div>\n\t\t\t\t<div class=\"elementor-element elementor-element-69acad5 elementor-widget elementor-widget-text-editor\" data-id=\"69acad5\" data-element_type=\"widget\" data-widget_type=\"text-editor.default\">\n\t\t\t\t<div class=\"elementor-widget-container\">\n\t\t\t\t\t\t\t<p>Oltre ai propri prodotti, LEMONTEC AG supporta anche le macchine di pagamento di diversi altri produttori. In questo settore l'azienda ha acquisito una grande esperienza e dispone di numerose opzioni tecniche per garantire che il vostro sistema possa continuare a essere mantenuto, ampliato o adattato a nuove esigenze.<\/p>\t\t\t\t\t\t<\/div>\n\t\t\t\t<\/div>\n\t\t\t\t<div class=\"elementor-element elementor-element-e1e92ae elementor-widget elementor-widget-text-editor\" data-id=\"e1e92ae\" data-element_type=\"widget\" data-widget_type=\"text-editor.default\">\n\t\t\t\t<div class=\"elementor-widget-container\">\n\t\t\t\t\t\t\t<p>Novit\u00e0:<\/p>\t\t\t\t\t\t<\/div>\n\t\t\t\t<\/div>\n\t\t\t\t<section class=\"elementor-section elementor-inner-section elementor-element elementor-element-10787da elementor-section-boxed elementor-section-height-default elementor-section-height-default\" data-id=\"10787da\" data-element_type=\"section\">\n\t\t\t\t\t\t<div class=\"elementor-container elementor-column-gap-default\">\n\t\t\t\t\t<div class=\"elementor-column elementor-col-50 elementor-inner-column elementor-element elementor-element-e699acb\" data-id=\"e699acb\" data-element_type=\"column\">\n\t\t\t<div class=\"elementor-widget-wrap elementor-element-populated\">\n\t\t\t\t\t\t<div class=\"elementor-element elementor-element-df66281 elementor-widget elementor-widget-image\" data-id=\"df66281\" data-element_type=\"widget\" data-widget_type=\"image.default\">\n\t\t\t\t<div class=\"elementor-widget-container\">\n\t\t\t\t\t\t\t\t\t\t\t\t\t<img fetchpriority=\"high\" decoding=\"async\" width=\"595\" height=\"672\" src=\"https:\/\/lemontec.ch\/wp-content\/uploads\/2026\/01\/IM25Kiosk.png\" class=\"attachment-large size-large wp-image-850\" alt=\"\" srcset=\"https:\/\/lemontec.ch\/wp-content\/uploads\/2026\/01\/IM25Kiosk.png 595w, https:\/\/lemontec.ch\/wp-content\/uploads\/2026\/01\/IM25Kiosk-266x300.png 266w, https:\/\/lemontec.ch\/wp-content\/uploads\/2026\/01\/IM25Kiosk-11x12.png 11w\" sizes=\"(max-width: 595px) 100vw, 595px\" \/>\t\t\t\t\t\t\t\t\t\t\t\t\t<\/div>\n\t\t\t\t<\/div>\n\t\t\t\t<section class=\"elementor-section elementor-inner-section elementor-element elementor-element-c923867 elementor-section-boxed elementor-section-height-default elementor-section-height-default\" data-id=\"c923867\" data-element_type=\"section\">\n\t\t\t\t\t\t<div class=\"elementor-container elementor-column-gap-default\">\n\t\t\t\t\t<div class=\"elementor-column elementor-col-33 elementor-inner-column elementor-element elementor-element-81c8466\" data-id=\"81c8466\" data-element_type=\"column\">\n\t\t\t<div class=\"elementor-widget-wrap elementor-element-populated\">\n\t\t\t\t\t\t<div class=\"elementor-element elementor-element-ac8392f elementor-widget elementor-widget-image\" data-id=\"ac8392f\" data-element_type=\"widget\" data-widget_type=\"image.default\">\n\t\t\t\t<div class=\"elementor-widget-container\">\n\t\t\t\t\t\t\t\t\t\t\t\t\t<img decoding=\"async\" width=\"316\" height=\"467\" src=\"https:\/\/lemontec.ch\/wp-content\/uploads\/2026\/01\/IM25-Idle.png\" class=\"attachment-large size-large wp-image-933\" alt=\"\" srcset=\"https:\/\/lemontec.ch\/wp-content\/uploads\/2026\/01\/IM25-Idle.png 316w, https:\/\/lemontec.ch\/wp-content\/uploads\/2026\/01\/IM25-Idle-203x300.png 203w, https:\/\/lemontec.ch\/wp-content\/uploads\/2026\/01\/IM25-Idle-8x12.png 8w\" sizes=\"(max-width: 316px) 100vw, 316px\" \/>\t\t\t\t\t\t\t\t\t\t\t\t\t<\/div>\n\t\t\t\t<\/div>\n\t\t\t\t\t<\/div>\n\t\t<\/div>\n\t\t\t\t<div class=\"elementor-column elementor-col-33 elementor-inner-column elementor-element elementor-element-d1e64a9\" data-id=\"d1e64a9\" data-element_type=\"column\">\n\t\t\t<div class=\"elementor-widget-wrap elementor-element-populated\">\n\t\t\t\t\t\t<div class=\"elementor-element elementor-element-0dfebd5 elementor-widget elementor-widget-image\" data-id=\"0dfebd5\" data-element_type=\"widget\" data-widget_type=\"image.default\">\n\t\t\t\t<div class=\"elementor-widget-container\">\n\t\t\t\t\t\t\t\t\t\t\t\t\t<img decoding=\"async\" width=\"495\" height=\"737\" src=\"https:\/\/lemontec.ch\/wp-content\/uploads\/2026\/01\/Kredit_TWINT.png\" class=\"attachment-large size-large wp-image-934\" alt=\"\" srcset=\"https:\/\/lemontec.ch\/wp-content\/uploads\/2026\/01\/Kredit_TWINT.png 495w, https:\/\/lemontec.ch\/wp-content\/uploads\/2026\/01\/Kredit_TWINT-201x300.png 201w, https:\/\/lemontec.ch\/wp-content\/uploads\/2026\/01\/Kredit_TWINT-8x12.png 8w\" sizes=\"(max-width: 495px) 100vw, 495px\" \/>\t\t\t\t\t\t\t\t\t\t\t\t\t<\/div>\n\t\t\t\t<\/div>\n\t\t\t\t\t<\/div>\n\t\t<\/div>\n\t\t\t\t<div class=\"elementor-column elementor-col-33 elementor-inner-column elementor-element elementor-element-cec45b3\" data-id=\"cec45b3\" data-element_type=\"column\">\n\t\t\t<div class=\"elementor-widget-wrap elementor-element-populated\">\n\t\t\t\t\t\t<div class=\"elementor-element elementor-element-ed92223 elementor-widget elementor-widget-image\" data-id=\"ed92223\" data-element_type=\"widget\" data-widget_type=\"image.default\">\n\t\t\t\t<div class=\"elementor-widget-container\">\n\t\t\t\t\t\t\t\t\t\t\t\t\t<img loading=\"lazy\" decoding=\"async\" width=\"565\" height=\"825\" src=\"https:\/\/lemontec.ch\/wp-content\/uploads\/2026\/01\/Saldo.png\" class=\"attachment-large size-large wp-image-935\" alt=\"\" srcset=\"https:\/\/lemontec.ch\/wp-content\/uploads\/2026\/01\/Saldo.png 565w, https:\/\/lemontec.ch\/wp-content\/uploads\/2026\/01\/Saldo-205x300.png 205w, https:\/\/lemontec.ch\/wp-content\/uploads\/2026\/01\/Saldo-8x12.png 8w\" sizes=\"(max-width: 565px) 100vw, 565px\" \/>\t\t\t\t\t\t\t\t\t\t\t\t\t<\/div>\n\t\t\t\t<\/div>\n\t\t\t\t\t<\/div>\n\t\t<\/div>\n\t\t\t\t\t<\/div>\n\t\t<\/section>\n\t\t\t\t<div class=\"elementor-element elementor-element-2091a4c elementor-widget elementor-widget-heading\" data-id=\"2091a4c\" data-element_type=\"widget\" data-widget_type=\"heading.default\">\n\t\t\t\t<div class=\"elementor-widget-container\">\n\t\t\t<h2 class=\"elementor-heading-title elementor-size-default\"><a href=\"https:\/\/lemontec.ch\/it\/geraete\/\">Dimensionen<\/a><\/h2>\t\t<\/div>\n\t\t\t\t<\/div>\n\t\t\t\t\t<\/div>\n\t\t<\/div>\n\t\t\t\t<div class=\"elementor-column elementor-col-50 elementor-inner-column elementor-element elementor-element-963965b\" data-id=\"963965b\" data-element_type=\"column\">\n\t\t\t<div class=\"elementor-widget-wrap elementor-element-populated\">\n\t\t\t\t\t\t<div class=\"elementor-element elementor-element-5c336f4 elementor-widget__width-initial elementor-widget elementor-widget-text-editor\" data-id=\"5c336f4\" data-element_type=\"widget\" data-widget_type=\"text-editor.default\">\n\t\t\t\t<div class=\"elementor-widget-container\">\n\t\t\t\t\t\t\t<p><strong>Universell einsetzbares Kundenkarten-Terminal.<\/strong><br \/>Dieses Terminal kann \u00fcberall als Erweiterung oder als Ersatz eines M\u00fcnzpr\u00fcfers eingesetzt werden.\u00a0<br \/>In Zukunft kann das Terminal auch Kreditkarten- und TWINT-Zahlungen verarbeiten.<\/p>\t\t\t\t\t\t<\/div>\n\t\t\t\t<\/div>\n\t\t\t\t<div class=\"elementor-element elementor-element-04bb261 elementor-widget elementor-widget-text-editor\" data-id=\"04bb261\" data-element_type=\"widget\" data-widget_type=\"text-editor.default\">\n\t\t\t\t<div class=\"elementor-widget-container\">\n\t\t\t\t\t\t\t<p>Beispiele von Anwendungsm\u00f6glichkeiten :<\/p>\t\t\t\t\t\t<\/div>\n\t\t\t\t<\/div>\n\t\t\t\t<div class=\"elementor-element elementor-element-0fc1c80 elementor-widget elementor-widget-text-editor\" data-id=\"0fc1c80\" data-element_type=\"widget\" data-widget_type=\"text-editor.default\">\n\t\t\t\t<div class=\"elementor-widget-container\">\n\t\t\t\t\t\t\t<ul>\n<li>Waschpl\u00e4tze<\/li>\n<li>Waschmaschinen<\/li>\n<li>Drehkreuze<\/li>\n<li>usw.<\/li>\n<\/ul>\t\t\t\t\t\t<\/div>\n\t\t\t\t<\/div>\n\t\t\t\t<div class=\"elementor-element elementor-element-ffd7e01 elementor-widget elementor-widget-text-editor\" data-id=\"ffd7e01\" data-element_type=\"widget\" data-widget_type=\"text-editor.default\">\n\t\t\t\t<div class=\"elementor-widget-container\">\n\t\t\t\t\t\t\t<p>Ein Um- bzw. Nachr\u00fcsten bei bestehenden Anlagen ist jederzeit problemlos m\u00f6glich.<\/p>\t\t\t\t\t\t<\/div>\n\t\t\t\t<\/div>\n\t\t\t\t\t<\/div>\n\t\t<\/div>\n\t\t\t\t\t<\/div>\n\t\t<\/section>\n\t\t\t\t<div class=\"elementor-element elementor-element-ba6ce3e elementor-widget-divider--view-line elementor-widget elementor-widget-divider\" data-id=\"ba6ce3e\" data-element_type=\"widget\" data-widget_type=\"divider.default\">\n\t\t\t\t<div class=\"elementor-widget-container\">\n\t\t\t\t\t<div class=\"elementor-divider\">\n\t\t\t<span class=\"elementor-divider-separator\">\n\t\t\t\t\t\t<\/span>\n\t\t<\/div>\n\t\t\t\t<\/div>\n\t\t\t\t<\/div>\n\t\t\t\t<section class=\"elementor-section elementor-inner-section elementor-element elementor-element-682757c elementor-section-boxed elementor-section-height-default elementor-section-height-default\" data-id=\"682757c\" data-element_type=\"section\">\n\t\t\t\t\t\t<div class=\"elementor-container elementor-column-gap-default\">\n\t\t\t\t\t<div class=\"elementor-column elementor-col-50 elementor-inner-column elementor-element elementor-element-8a6c968\" data-id=\"8a6c968\" data-element_type=\"column\">\n\t\t\t<div class=\"elementor-widget-wrap elementor-element-populated\">\n\t\t\t\t\t\t<div class=\"elementor-element elementor-element-fad76e4 elementor-widget elementor-widget-image\" data-id=\"fad76e4\" data-element_type=\"widget\" data-widget_type=\"image.default\">\n\t\t\t\t<div class=\"elementor-widget-container\">\n\t\t\t\t\t\t\t\t\t\t\t\t\t<img loading=\"lazy\" decoding=\"async\" width=\"1024\" height=\"549\" src=\"https:\/\/lemontec.ch\/wp-content\/uploads\/2025\/01\/TWINT-Labels-weiss-1024x549.png\" class=\"attachment-large size-large wp-image-830\" alt=\"\" srcset=\"https:\/\/lemontec.ch\/wp-content\/uploads\/2025\/01\/TWINT-Labels-weiss-1024x549.png 1024w, https:\/\/lemontec.ch\/wp-content\/uploads\/2025\/01\/TWINT-Labels-weiss-300x161.png 300w, https:\/\/lemontec.ch\/wp-content\/uploads\/2025\/01\/TWINT-Labels-weiss-768x412.png 768w, https:\/\/lemontec.ch\/wp-content\/uploads\/2025\/01\/TWINT-Labels-weiss-1536x824.png 1536w, https:\/\/lemontec.ch\/wp-content\/uploads\/2025\/01\/TWINT-Labels-weiss-2048x1098.png 2048w, https:\/\/lemontec.ch\/wp-content\/uploads\/2025\/01\/TWINT-Labels-weiss-18x10.png 18w\" sizes=\"(max-width: 1024px) 100vw, 1024px\" \/>\t\t\t\t\t\t\t\t\t\t\t\t\t<\/div>\n\t\t\t\t<\/div>\n\t\t\t\t\t<\/div>\n\t\t<\/div>\n\t\t\t\t<div class=\"elementor-column elementor-col-50 elementor-inner-column elementor-element elementor-element-41bb85f\" data-id=\"41bb85f\" data-element_type=\"column\">\n\t\t\t<div class=\"elementor-widget-wrap elementor-element-populated\">\n\t\t\t\t\t\t<div class=\"elementor-element elementor-element-7d2271b elementor-widget elementor-widget-text-editor\" data-id=\"7d2271b\" data-element_type=\"widget\" data-widget_type=\"text-editor.default\">\n\t\t\t\t<div class=\"elementor-widget-container\">\n\t\t\t\t\t\t\t<p><span style=\"color: #808080;\">Possiamo dotare facilmente la vostra zona lavaggio, aspiratori, pulitori di tappetini ecc. con TWINT.<br \/><\/span><span style=\"color: #808080;\">Dal punto di vista meccanico non \u00e8 necessaria alcuna modifica. Nelle stazioni esterne vengono semplicemente applicati gli adesivi TWINT corrispondenti.<\/span><\/p>\t\t\t\t\t\t<\/div>\n\t\t\t\t<\/div>\n\t\t\t\t\t<\/div>\n\t\t<\/div>\n\t\t\t\t\t<\/div>\n\t\t<\/section>\n\t\t\t\t\t<\/div>\n\t\t<\/div>\n\t\t\t\t\t<\/div>\n\t\t<\/section>\n\t\t\t\t<section class=\"elementor-section elementor-top-section elementor-element elementor-element-16a975a elementor-section-boxed elementor-section-height-default elementor-section-height-default\" data-id=\"16a975a\" data-element_type=\"section\">\n\t\t\t\t\t\t<div class=\"elementor-container elementor-column-gap-default\">\n\t\t\t\t\t<div class=\"elementor-column elementor-col-100 elementor-top-column elementor-element elementor-element-6839dc3\" data-id=\"6839dc3\" data-element_type=\"column\">\n\t\t\t<div class=\"elementor-widget-wrap elementor-element-populated\">\n\t\t\t\t\t\t<div class=\"elementor-element elementor-element-01bc9cc elementor-widget elementor-widget-heading\" data-id=\"01bc9cc\" data-element_type=\"widget\" data-widget_type=\"heading.default\">\n\t\t\t\t<div class=\"elementor-widget-container\">\n\t\t\t<h2 class=\"elementor-heading-title elementor-size-default\"><br><br><br><br>I nostri partner<\/h2>\t\t<\/div>\n\t\t\t\t<\/div>\n\t\t\t\t<section class=\"elementor-section elementor-inner-section elementor-element elementor-element-7aee323 elementor-section-boxed elementor-section-height-default elementor-section-height-default\" data-id=\"7aee323\" data-element_type=\"section\">\n\t\t\t\t\t\t<div class=\"elementor-container elementor-column-gap-default\">\n\t\t\t\t\t<div class=\"elementor-column elementor-col-25 elementor-inner-column elementor-element elementor-element-17debcf\" data-id=\"17debcf\" data-element_type=\"column\">\n\t\t\t<div class=\"elementor-widget-wrap elementor-element-populated\">\n\t\t\t\t\t\t<div class=\"elementor-element elementor-element-35728d8 e-transform elementor-widget elementor-widget-image\" data-id=\"35728d8\" data-element_type=\"widget\" data-settings=\"{&quot;_transform_scale_effect&quot;:{&quot;unit&quot;:&quot;px&quot;,&quot;size&quot;:1.6,&quot;sizes&quot;:[]},&quot;_transform_scale_effect_tablet&quot;:{&quot;unit&quot;:&quot;px&quot;,&quot;size&quot;:&quot;&quot;,&quot;sizes&quot;:[]},&quot;_transform_scale_effect_mobile&quot;:{&quot;unit&quot;:&quot;px&quot;,&quot;size&quot;:&quot;&quot;,&quot;sizes&quot;:[]}}\" data-widget_type=\"image.default\">\n\t\t\t\t<div class=\"elementor-widget-container\">\n\t\t\t\t\t\t\t\t\t\t\t\t\t<img loading=\"lazy\" decoding=\"async\" width=\"1024\" height=\"243\" src=\"https:\/\/lemontec.ch\/wp-content\/uploads\/2023\/07\/Bild_2023-07-05_104036869-1024x243.png\" class=\"attachment-large size-large wp-image-223\" alt=\"\" srcset=\"https:\/\/lemontec.ch\/wp-content\/uploads\/2023\/07\/Bild_2023-07-05_104036869-1024x243.png 1024w, https:\/\/lemontec.ch\/wp-content\/uploads\/2023\/07\/Bild_2023-07-05_104036869-300x71.png 300w, https:\/\/lemontec.ch\/wp-content\/uploads\/2023\/07\/Bild_2023-07-05_104036869-768x182.png 768w, https:\/\/lemontec.ch\/wp-content\/uploads\/2023\/07\/Bild_2023-07-05_104036869.png 1499w\" sizes=\"(max-width: 1024px) 100vw, 1024px\" \/>\t\t\t\t\t\t\t\t\t\t\t\t\t<\/div>\n\t\t\t\t<\/div>\n\t\t\t\t\t<\/div>\n\t\t<\/div>\n\t\t\t\t<div class=\"elementor-column elementor-col-25 elementor-inner-column elementor-element elementor-element-a44a1ae\" data-id=\"a44a1ae\" data-element_type=\"column\">\n\t\t\t<div class=\"elementor-widget-wrap elementor-element-populated\">\n\t\t\t\t\t\t<div class=\"elementor-element elementor-element-21578af e-transform elementor-widget elementor-widget-image\" data-id=\"21578af\" data-element_type=\"widget\" data-settings=\"{&quot;_transform_scale_effect&quot;:{&quot;unit&quot;:&quot;px&quot;,&quot;size&quot;:0.3,&quot;sizes&quot;:[]},&quot;_transform_scale_effect_tablet&quot;:{&quot;unit&quot;:&quot;px&quot;,&quot;size&quot;:&quot;&quot;,&quot;sizes&quot;:[]},&quot;_transform_scale_effect_mobile&quot;:{&quot;unit&quot;:&quot;px&quot;,&quot;size&quot;:&quot;&quot;,&quot;sizes&quot;:[]}}\" data-widget_type=\"image.default\">\n\t\t\t\t<div class=\"elementor-widget-container\">\n\t\t\t\t\t\t\t\t\t\t\t\t\t<img loading=\"lazy\" decoding=\"async\" width=\"596\" height=\"153\" src=\"https:\/\/lemontec.ch\/wp-content\/uploads\/2024\/11\/wallee.png\" class=\"attachment-medium_large size-medium_large wp-image-778\" alt=\"\" srcset=\"https:\/\/lemontec.ch\/wp-content\/uploads\/2024\/11\/wallee.png 596w, https:\/\/lemontec.ch\/wp-content\/uploads\/2024\/11\/wallee-300x77.png 300w, https:\/\/lemontec.ch\/wp-content\/uploads\/2024\/11\/wallee-18x5.png 18w\" sizes=\"(max-width: 596px) 100vw, 596px\" \/>\t\t\t\t\t\t\t\t\t\t\t\t\t<\/div>\n\t\t\t\t<\/div>\n\t\t\t\t\t<\/div>\n\t\t<\/div>\n\t\t\t\t<div class=\"elementor-column elementor-col-25 elementor-inner-column elementor-element elementor-element-2195258\" data-id=\"2195258\" data-element_type=\"column\">\n\t\t\t<div class=\"elementor-widget-wrap elementor-element-populated\">\n\t\t\t\t\t\t<div class=\"elementor-element elementor-element-0373d4d elementor-widget elementor-widget-image\" data-id=\"0373d4d\" data-element_type=\"widget\" data-widget_type=\"image.default\">\n\t\t\t\t<div class=\"elementor-widget-container\">\n\t\t\t\t\t\t\t\t\t\t\t\t\t<img loading=\"lazy\" decoding=\"async\" width=\"700\" height=\"116\" src=\"https:\/\/lemontec.ch\/wp-content\/uploads\/2023\/07\/worldline-mint-horizontal.700x0-is.png\" class=\"attachment-large size-large wp-image-180\" alt=\"\" srcset=\"https:\/\/lemontec.ch\/wp-content\/uploads\/2023\/07\/worldline-mint-horizontal.700x0-is.png 700w, https:\/\/lemontec.ch\/wp-content\/uploads\/2023\/07\/worldline-mint-horizontal.700x0-is-300x50.png 300w\" sizes=\"(max-width: 700px) 100vw, 700px\" \/>\t\t\t\t\t\t\t\t\t\t\t\t\t<\/div>\n\t\t\t\t<\/div>\n\t\t\t\t\t<\/div>\n\t\t<\/div>\n\t\t\t\t<div class=\"elementor-column elementor-col-25 elementor-inner-column elementor-element elementor-element-2804913\" data-id=\"2804913\" data-element_type=\"column\">\n\t\t\t<div class=\"elementor-widget-wrap\">\n\t\t\t\t\t\t\t<\/div>\n\t\t<\/div>\n\t\t\t\t\t<\/div>\n\t\t<\/section>\n\t\t\t\t\t<\/div>\n\t\t<\/div>\n\t\t\t\t\t<\/div>\n\t\t<\/section>\n\t\t\t\t<section class=\"elementor-section elementor-top-section elementor-element elementor-element-c20fb20 elementor-section-boxed elementor-section-height-default elementor-section-height-default\" data-id=\"c20fb20\" data-element_type=\"section\">\n\t\t\t\t\t\t<div class=\"elementor-container elementor-column-gap-default\">\n\t\t\t\t\t<div class=\"elementor-column elementor-col-100 elementor-top-column elementor-element elementor-element-d5a35f5\" data-id=\"d5a35f5\" data-element_type=\"column\">\n\t\t\t<div class=\"elementor-widget-wrap\">\n\t\t\t\t\t\t\t<\/div>\n\t\t<\/div>\n\t\t\t\t\t<\/div>\n\t\t<\/section>\n\t\t\t\t<section class=\"elementor-section elementor-top-section elementor-element elementor-element-b88e3ce elementor-section-boxed elementor-section-height-default elementor-section-height-default\" data-id=\"b88e3ce\" data-element_type=\"section\">\n\t\t\t\t\t\t<div class=\"elementor-container elementor-column-gap-default\">\n\t\t\t\t\t<div class=\"elementor-column elementor-col-100 elementor-top-column elementor-element elementor-element-309bd63\" data-id=\"309bd63\" data-element_type=\"column\">\n\t\t\t<div class=\"elementor-widget-wrap\">\n\t\t\t\t\t\t\t<\/div>\n\t\t<\/div>\n\t\t\t\t\t<\/div>\n\t\t<\/section>\n\t\t\t\t<\/div>","protected":false},"excerpt":{"rendered":"<p>Die Firma LEMONTEC AG betreut neben eigenen Produkten auch die Zahlungsautomaten diverser anderer Hersteller. Die Firma hat sich in diesem Bereich ein grosses\u00a0 Know-how angeeignet und viele\u00a0 technische M\u00f6glichkeiten, sodass gew\u00e4hrleistet ist, dass ihre Anlage weiterhin gewartet, erweitert oder neuen Bed\u00fcrfnissen angepasst werden kann. Neuigkeiten: Dimensionen Universell einsetzbares Kundenkarten-Terminal.Dieses Terminal kann \u00fcberall als Erweiterung oder [&hellip;]<\/p>","protected":false},"author":1,"featured_media":0,"parent":0,"menu_order":0,"comment_status":"closed","ping_status":"closed","template":"","meta":{"footnotes":""},"class_list":["post-97","page","type-page","status-publish","hentry","entry"],"_links":{"self":[{"href":"https:\/\/lemontec.ch\/it\/wp-json\/wp\/v2\/pages\/97","targetHints":{"allow":["GET"]}}],"collection":[{"href":"https:\/\/lemontec.ch\/it\/wp-json\/wp\/v2\/pages"}],"about":[{"href":"https:\/\/lemontec.ch\/it\/wp-json\/wp\/v2\/types\/page"}],"author":[{"embeddable":true,"href":"https:\/\/lemontec.ch\/it\/wp-json\/wp\/v2\/users\/1"}],"replies":[{"embeddable":true,"href":"https:\/\/lemontec.ch\/it\/wp-json\/wp\/v2\/comments?post=97"}],"version-history":[{"count":272,"href":"https:\/\/lemontec.ch\/it\/wp-json\/wp\/v2\/pages\/97\/revisions"}],"predecessor-version":[{"id":1003,"href":"https:\/\/lemontec.ch\/it\/wp-json\/wp\/v2\/pages\/97\/revisions\/1003"}],"wp:attachment":[{"href":"https:\/\/lemontec.ch\/it\/wp-json\/wp\/v2\/media?parent=97"}],"curies":[{"name":"wp","href":"https:\/\/api.w.org\/{rel}","templated":true}]}}