{"id":864,"date":"2026-01-13T17:14:13","date_gmt":"2026-01-13T16:14:13","guid":{"rendered":"https:\/\/lemontec.ch\/?page_id=864"},"modified":"2026-01-20T17:14:37","modified_gmt":"2026-01-20T16:14:37","slug":"systeme","status":"publish","type":"page","link":"https:\/\/lemontec.ch\/it\/systeme\/","title":{"rendered":"Sistemi"},"content":{"rendered":"<div data-elementor-type=\"wp-page\" data-elementor-id=\"864\" class=\"elementor elementor-864\">\n\t\t\t\t\t\t<section class=\"elementor-section elementor-top-section elementor-element elementor-element-1c8a5da elementor-section-boxed elementor-section-height-default elementor-section-height-default\" data-id=\"1c8a5da\" data-element_type=\"section\">\n\t\t\t\t\t\t<div class=\"elementor-container elementor-column-gap-default\">\n\t\t\t\t\t<div class=\"elementor-column elementor-col-100 elementor-top-column elementor-element elementor-element-d9b8bac\" data-id=\"d9b8bac\" data-element_type=\"column\">\n\t\t\t<div class=\"elementor-widget-wrap elementor-element-populated\">\n\t\t\t\t\t\t<div class=\"elementor-element elementor-element-3067153 elementor-widget elementor-widget-spacer\" data-id=\"3067153\" data-element_type=\"widget\" data-widget_type=\"spacer.default\">\n\t\t\t\t<div class=\"elementor-widget-container\">\n\t\t\t\t\t<div class=\"elementor-spacer\">\n\t\t\t<div class=\"elementor-spacer-inner\"><\/div>\n\t\t<\/div>\n\t\t\t\t<\/div>\n\t\t\t\t<\/div>\n\t\t\t\t\t<\/div>\n\t\t<\/div>\n\t\t\t\t\t<\/div>\n\t\t<\/section>\n\t\t\t\t<section class=\"elementor-section elementor-top-section elementor-element elementor-element-92fb2fa elementor-section-boxed elementor-section-height-default elementor-section-height-default\" data-id=\"92fb2fa\" data-element_type=\"section\">\n\t\t\t\t\t\t<div class=\"elementor-container elementor-column-gap-default\">\n\t\t\t\t\t<div class=\"elementor-column elementor-col-100 elementor-top-column elementor-element elementor-element-3e7f4e6\" data-id=\"3e7f4e6\" data-element_type=\"column\">\n\t\t\t<div class=\"elementor-widget-wrap elementor-element-populated\">\n\t\t\t\t\t\t<div class=\"elementor-element elementor-element-1c2d7fe elementor-widget elementor-widget-heading\" data-id=\"1c2d7fe\" data-element_type=\"widget\" data-widget_type=\"heading.default\">\n\t\t\t\t<div class=\"elementor-widget-container\">\n\t\t\t<h2 class=\"elementor-heading-title elementor-size-large\">Sistemi<\/h2>\t\t<\/div>\n\t\t\t\t<\/div>\n\t\t\t\t\t<\/div>\n\t\t<\/div>\n\t\t\t\t\t<\/div>\n\t\t<\/section>\n\t\t\t\t<section class=\"elementor-section elementor-top-section elementor-element elementor-element-d3a0ccf elementor-section-boxed elementor-section-height-default elementor-section-height-default\" data-id=\"d3a0ccf\" data-element_type=\"section\">\n\t\t\t\t\t\t<div class=\"elementor-container elementor-column-gap-default\">\n\t\t\t\t\t<div class=\"elementor-column elementor-col-100 elementor-top-column elementor-element elementor-element-e098f30\" data-id=\"e098f30\" data-element_type=\"column\">\n\t\t\t<div class=\"elementor-widget-wrap elementor-element-populated\">\n\t\t\t\t\t\t<div class=\"elementor-element elementor-element-8f58dc2 elementor-widget elementor-widget-text-editor\" data-id=\"8f58dc2\" data-element_type=\"widget\" data-widget_type=\"text-editor.default\">\n\t\t\t\t<div class=\"elementor-widget-container\">\n\t\t\t\t\t\t\t<p>(Seite im Aufbau)<\/p>\t\t\t\t\t\t<\/div>\n\t\t\t\t<\/div>\n\t\t\t\t<section class=\"elementor-section elementor-inner-section elementor-element elementor-element-51bfde4 elementor-section-boxed elementor-section-height-default elementor-section-height-default\" data-id=\"51bfde4\" data-element_type=\"section\">\n\t\t\t\t\t\t<div class=\"elementor-container elementor-column-gap-default\">\n\t\t\t\t\t<div class=\"elementor-column elementor-col-50 elementor-inner-column elementor-element elementor-element-1a9f47d\" data-id=\"1a9f47d\" data-element_type=\"column\">\n\t\t\t<div class=\"elementor-widget-wrap elementor-element-populated\">\n\t\t\t\t\t\t<div class=\"elementor-element elementor-element-d2646f9 elementor-widget elementor-widget-text-editor\" data-id=\"d2646f9\" data-element_type=\"widget\" data-widget_type=\"text-editor.default\">\n\t\t\t\t<div class=\"elementor-widget-container\">\n\t\t\t\t\t\t\t<p>Geldwechsler<\/p>\t\t\t\t\t\t<\/div>\n\t\t\t\t<\/div>\n\t\t\t\t<div class=\"elementor-element elementor-element-35c25c3 elementor-widget__width-initial elementor-widget elementor-widget-image\" data-id=\"35c25c3\" data-element_type=\"widget\" data-widget_type=\"image.default\">\n\t\t\t\t<div class=\"elementor-widget-container\">\n\t\t\t\t\t\t\t\t\t\t\t\t\t<img fetchpriority=\"high\" decoding=\"async\" width=\"763\" height=\"1024\" src=\"https:\/\/lemontec.ch\/wp-content\/uploads\/2023\/11\/SCALA-1000-763x1024.png\" class=\"attachment-large size-large wp-image-426\" alt=\"\" srcset=\"https:\/\/lemontec.ch\/wp-content\/uploads\/2023\/11\/SCALA-1000-763x1024.png 763w, https:\/\/lemontec.ch\/wp-content\/uploads\/2023\/11\/SCALA-1000-224x300.png 224w, https:\/\/lemontec.ch\/wp-content\/uploads\/2023\/11\/SCALA-1000-768x1031.png 768w, https:\/\/lemontec.ch\/wp-content\/uploads\/2023\/11\/SCALA-1000.png 1000w\" sizes=\"(max-width: 763px) 100vw, 763px\" \/>\t\t\t\t\t\t\t\t\t\t\t\t\t<\/div>\n\t\t\t\t<\/div>\n\t\t\t\t\t<\/div>\n\t\t<\/div>\n\t\t\t\t<div class=\"elementor-column elementor-col-50 elementor-inner-column elementor-element elementor-element-7b2128a\" data-id=\"7b2128a\" data-element_type=\"column\">\n\t\t\t<div class=\"elementor-widget-wrap elementor-element-populated\">\n\t\t\t\t\t\t<div class=\"elementor-element elementor-element-936c0e7 elementor-widget elementor-widget-text-editor\" data-id=\"936c0e7\" data-element_type=\"widget\" data-widget_type=\"text-editor.default\">\n\t\t\t\t<div class=\"elementor-widget-container\">\n\t\t\t\t\t\t\t<p>Die perfekte L\u00f6sung f\u00fcr SB-Waschboxen, Waschstra\u00dfen und Portalwaschanlagen.<\/p>\t\t\t\t\t\t<\/div>\n\t\t\t\t<\/div>\n\t\t\t\t<div class=\"elementor-element elementor-element-b56fe66 elementor-widget elementor-widget-text-editor\" data-id=\"b56fe66\" data-element_type=\"widget\" data-widget_type=\"text-editor.default\">\n\t\t\t\t<div class=\"elementor-widget-container\">\n\t\t\t\t\t\t\t<p>Mehr &#8230;<\/p>\t\t\t\t\t\t<\/div>\n\t\t\t\t<\/div>\n\t\t\t\t\t<\/div>\n\t\t<\/div>\n\t\t\t\t\t<\/div>\n\t\t<\/section>\n\t\t\t\t<div class=\"elementor-element elementor-element-83b79f3 elementor-widget-divider--view-line elementor-widget elementor-widget-divider\" data-id=\"83b79f3\" data-element_type=\"widget\" data-widget_type=\"divider.default\">\n\t\t\t\t<div class=\"elementor-widget-container\">\n\t\t\t\t\t<div class=\"elementor-divider\">\n\t\t\t<span class=\"elementor-divider-separator\">\n\t\t\t\t\t\t<\/span>\n\t\t<\/div>\n\t\t\t\t<\/div>\n\t\t\t\t<\/div>\n\t\t\t\t\t<\/div>\n\t\t<\/div>\n\t\t\t\t\t<\/div>\n\t\t<\/section>\n\t\t\t\t<section class=\"elementor-section elementor-top-section elementor-element elementor-element-5cab13b elementor-section-boxed elementor-section-height-default elementor-section-height-default\" data-id=\"5cab13b\" data-element_type=\"section\">\n\t\t\t\t\t\t<div class=\"elementor-container elementor-column-gap-default\">\n\t\t\t\t\t<div class=\"elementor-column elementor-col-100 elementor-top-column elementor-element elementor-element-8a8da94\" data-id=\"8a8da94\" data-element_type=\"column\">\n\t\t\t<div class=\"elementor-widget-wrap elementor-element-populated\">\n\t\t\t\t\t\t<section class=\"elementor-section elementor-inner-section elementor-element elementor-element-09fb5fc elementor-section-boxed elementor-section-height-default elementor-section-height-default\" data-id=\"09fb5fc\" data-element_type=\"section\">\n\t\t\t\t\t\t<div class=\"elementor-container elementor-column-gap-default\">\n\t\t\t\t\t<div class=\"elementor-column elementor-col-50 elementor-inner-column elementor-element elementor-element-e30bf41\" data-id=\"e30bf41\" data-element_type=\"column\">\n\t\t\t<div class=\"elementor-widget-wrap elementor-element-populated\">\n\t\t\t\t\t\t<div class=\"elementor-element elementor-element-4436039 elementor-widget elementor-widget-text-editor\" data-id=\"4436039\" data-element_type=\"widget\" data-widget_type=\"text-editor.default\">\n\t\t\t\t<div class=\"elementor-widget-container\">\n\t\t\t\t\t\t\t<p style=\"text-align: center;\">Kassenautomat f\u00fcr Portalanlagen<\/p>\t\t\t\t\t\t<\/div>\n\t\t\t\t<\/div>\n\t\t\t\t<div class=\"elementor-element elementor-element-e397f35 elementor-widget__width-initial elementor-widget elementor-widget-image\" data-id=\"e397f35\" data-element_type=\"widget\" data-widget_type=\"image.default\">\n\t\t\t\t<div class=\"elementor-widget-container\">\n\t\t\t\t\t\t\t\t\t\t\t\t\t<img fetchpriority=\"high\" decoding=\"async\" width=\"763\" height=\"1024\" src=\"https:\/\/lemontec.ch\/wp-content\/uploads\/2023\/11\/SCALA-1000-763x1024.png\" class=\"attachment-large size-large wp-image-426\" alt=\"\" srcset=\"https:\/\/lemontec.ch\/wp-content\/uploads\/2023\/11\/SCALA-1000-763x1024.png 763w, https:\/\/lemontec.ch\/wp-content\/uploads\/2023\/11\/SCALA-1000-224x300.png 224w, https:\/\/lemontec.ch\/wp-content\/uploads\/2023\/11\/SCALA-1000-768x1031.png 768w, https:\/\/lemontec.ch\/wp-content\/uploads\/2023\/11\/SCALA-1000.png 1000w\" sizes=\"(max-width: 763px) 100vw, 763px\" \/>\t\t\t\t\t\t\t\t\t\t\t\t\t<\/div>\n\t\t\t\t<\/div>\n\t\t\t\t\t<\/div>\n\t\t<\/div>\n\t\t\t\t<div class=\"elementor-column elementor-col-50 elementor-inner-column elementor-element elementor-element-e1069cf\" data-id=\"e1069cf\" data-element_type=\"column\">\n\t\t\t<div class=\"elementor-widget-wrap elementor-element-populated\">\n\t\t\t\t\t\t<div class=\"elementor-element elementor-element-8fd6d7c elementor-widget elementor-widget-text-editor\" data-id=\"8fd6d7c\" data-element_type=\"widget\" data-widget_type=\"text-editor.default\">\n\t\t\t\t<div class=\"elementor-widget-container\">\n\t\t\t\t\t\t\t<p>Schneller und sicherer kann nicht kassiert werden.<br \/>Hoher Sicherheitsstandard bei Pr\u00fcfung, Verarbeitung\u00a0und Auszahlung.<\/p>\t\t\t\t\t\t<\/div>\n\t\t\t\t<\/div>\n\t\t\t\t<div class=\"elementor-element elementor-element-8469078 elementor-widget elementor-widget-text-editor\" data-id=\"8469078\" data-element_type=\"widget\" data-widget_type=\"text-editor.default\">\n\t\t\t\t<div class=\"elementor-widget-container\">\n\t\t\t\t\t\t\t<p>Mehr &#8230;<\/p>\t\t\t\t\t\t<\/div>\n\t\t\t\t<\/div>\n\t\t\t\t\t<\/div>\n\t\t<\/div>\n\t\t\t\t\t<\/div>\n\t\t<\/section>\n\t\t\t\t<div class=\"elementor-element elementor-element-e58964d elementor-widget-divider--view-line elementor-widget elementor-widget-divider\" data-id=\"e58964d\" data-element_type=\"widget\" data-widget_type=\"divider.default\">\n\t\t\t\t<div class=\"elementor-widget-container\">\n\t\t\t\t\t<div class=\"elementor-divider\">\n\t\t\t<span class=\"elementor-divider-separator\">\n\t\t\t\t\t\t<\/span>\n\t\t<\/div>\n\t\t\t\t<\/div>\n\t\t\t\t<\/div>\n\t\t\t\t<section class=\"elementor-section elementor-inner-section elementor-element elementor-element-88faea7 elementor-section-boxed elementor-section-height-default elementor-section-height-default\" data-id=\"88faea7\" data-element_type=\"section\">\n\t\t\t\t\t\t<div class=\"elementor-container elementor-column-gap-default\">\n\t\t\t\t\t<div class=\"elementor-column elementor-col-50 elementor-inner-column elementor-element elementor-element-7adf9a3\" data-id=\"7adf9a3\" data-element_type=\"column\">\n\t\t\t<div class=\"elementor-widget-wrap elementor-element-populated\">\n\t\t\t\t\t\t<div class=\"elementor-element elementor-element-5a23760 elementor-widget elementor-widget-text-editor\" data-id=\"5a23760\" data-element_type=\"widget\" data-widget_type=\"text-editor.default\">\n\t\t\t\t<div class=\"elementor-widget-container\">\n\t\t\t\t\t\t\t<p>Waschstrassenbedienpult<\/p>\t\t\t\t\t\t<\/div>\n\t\t\t\t<\/div>\n\t\t\t\t<div class=\"elementor-element elementor-element-309b86e elementor-widget__width-initial elementor-widget elementor-widget-image\" data-id=\"309b86e\" data-element_type=\"widget\" data-widget_type=\"image.default\">\n\t\t\t\t<div class=\"elementor-widget-container\">\n\t\t\t\t\t\t\t\t\t\t\t\t\t<img fetchpriority=\"high\" decoding=\"async\" width=\"763\" height=\"1024\" src=\"https:\/\/lemontec.ch\/wp-content\/uploads\/2023\/11\/SCALA-1000-763x1024.png\" class=\"attachment-large size-large wp-image-426\" alt=\"\" srcset=\"https:\/\/lemontec.ch\/wp-content\/uploads\/2023\/11\/SCALA-1000-763x1024.png 763w, https:\/\/lemontec.ch\/wp-content\/uploads\/2023\/11\/SCALA-1000-224x300.png 224w, https:\/\/lemontec.ch\/wp-content\/uploads\/2023\/11\/SCALA-1000-768x1031.png 768w, https:\/\/lemontec.ch\/wp-content\/uploads\/2023\/11\/SCALA-1000.png 1000w\" sizes=\"(max-width: 763px) 100vw, 763px\" \/>\t\t\t\t\t\t\t\t\t\t\t\t\t<\/div>\n\t\t\t\t<\/div>\n\t\t\t\t\t<\/div>\n\t\t<\/div>\n\t\t\t\t<div class=\"elementor-column elementor-col-50 elementor-inner-column elementor-element elementor-element-a2ab09d\" data-id=\"a2ab09d\" data-element_type=\"column\">\n\t\t\t<div class=\"elementor-widget-wrap elementor-element-populated\">\n\t\t\t\t\t\t<div class=\"elementor-element elementor-element-7f0bbae elementor-widget elementor-widget-text-editor\" data-id=\"7f0bbae\" data-element_type=\"widget\" data-widget_type=\"text-editor.default\">\n\t\t\t\t<div class=\"elementor-widget-container\">\n\t\t\t\t\t\t\t<p>Wir bieten das formsch\u00f6ne, platzsparende Geh\u00e4use aus Edelstahl mit Rollen an,<br \/>so l\u00e4sst sich der Standort bei Bedarf schnell und einfach \u00e4ndern.<\/p>\t\t\t\t\t\t<\/div>\n\t\t\t\t<\/div>\n\t\t\t\t<div class=\"elementor-element elementor-element-d2e051f elementor-widget elementor-widget-text-editor\" data-id=\"d2e051f\" data-element_type=\"widget\" data-widget_type=\"text-editor.default\">\n\t\t\t\t<div class=\"elementor-widget-container\">\n\t\t\t\t\t\t\t<p>Mehr &#8230;<\/p>\t\t\t\t\t\t<\/div>\n\t\t\t\t<\/div>\n\t\t\t\t\t<\/div>\n\t\t<\/div>\n\t\t\t\t\t<\/div>\n\t\t<\/section>\n\t\t\t\t<div class=\"elementor-element elementor-element-192d280 elementor-widget elementor-widget-text-editor\" data-id=\"192d280\" data-element_type=\"widget\" data-widget_type=\"text-editor.default\">\n\t\t\t\t<div class=\"elementor-widget-container\">\n\t\t\t\t\t\t\t<p>&#8212;<\/p>\t\t\t\t\t\t<\/div>\n\t\t\t\t<\/div>\n\t\t\t\t<div class=\"elementor-element elementor-element-886c1c7 elementor-widget elementor-widget-text-editor\" data-id=\"886c1c7\" data-element_type=\"widget\" data-widget_type=\"text-editor.default\">\n\t\t\t\t<div class=\"elementor-widget-container\">\n\t\t\t\t\t\t\t<div class=\"ce-textpic ce-center ce-above\">\n<div class=\"ce-bodytext\">\n<p class=\"bodytext\"><b>LEMONTEC AG<br><\/b><\/p><br><\/div>\n<\/div>\t\t\t\t\t\t<\/div>\n\t\t\t\t<\/div>\n\t\t\t\t\t<\/div>\n\t\t<\/div>\n\t\t\t\t\t<\/div>\n\t\t<\/section>\n\t\t\t\t<\/div>","protected":false},"excerpt":{"rendered":"<p>Systeme (Seite im Aufbau) Geldwechsler Die perfekte L\u00f6sung f\u00fcr SB-Waschboxen, Waschstra\u00dfen und Portalwaschanlagen. Mehr &#8230; Kassenautomat f\u00fcr Portalanlagen Schneller und sicherer kann nicht kassiert werden.Hoher Sicherheitsstandard bei Pr\u00fcfung, Verarbeitung\u00a0und Auszahlung. Mehr &#8230; Waschstrassenbedienpult Wir bieten das formsch\u00f6ne, platzsparende Geh\u00e4use aus Edelstahl mit Rollen an,so l\u00e4sst sich der Standort bei Bedarf schnell und einfach \u00e4ndern. Mehr [&hellip;]<\/p>","protected":false},"author":1,"featured_media":0,"parent":0,"menu_order":0,"comment_status":"closed","ping_status":"closed","template":"","meta":{"footnotes":""},"class_list":["post-864","page","type-page","status-publish","hentry","entry"],"_links":{"self":[{"href":"https:\/\/lemontec.ch\/it\/wp-json\/wp\/v2\/pages\/864","targetHints":{"allow":["GET"]}}],"collection":[{"href":"https:\/\/lemontec.ch\/it\/wp-json\/wp\/v2\/pages"}],"about":[{"href":"https:\/\/lemontec.ch\/it\/wp-json\/wp\/v2\/types\/page"}],"author":[{"embeddable":true,"href":"https:\/\/lemontec.ch\/it\/wp-json\/wp\/v2\/users\/1"}],"replies":[{"embeddable":true,"href":"https:\/\/lemontec.ch\/it\/wp-json\/wp\/v2\/comments?post=864"}],"version-history":[{"count":10,"href":"https:\/\/lemontec.ch\/it\/wp-json\/wp\/v2\/pages\/864\/revisions"}],"predecessor-version":[{"id":999,"href":"https:\/\/lemontec.ch\/it\/wp-json\/wp\/v2\/pages\/864\/revisions\/999"}],"wp:attachment":[{"href":"https:\/\/lemontec.ch\/it\/wp-json\/wp\/v2\/media?parent=864"}],"curies":[{"name":"wp","href":"https:\/\/api.w.org\/{rel}","templated":true}]}}