{"id":809,"date":"2026-01-13T17:25:05","date_gmt":"2026-01-13T16:25:05","guid":{"rendered":"https:\/\/lemontec.ch\/?page_id=809"},"modified":"2026-01-13T18:00:55","modified_gmt":"2026-01-13T17:00:55","slug":"unser-angebot","status":"publish","type":"page","link":"https:\/\/lemontec.ch\/it\/unser-angebot\/","title":{"rendered":"La nostra offerta"},"content":{"rendered":"<div data-elementor-type=\"wp-page\" data-elementor-id=\"809\" class=\"elementor elementor-809\">\n\t\t\t\t\t\t<section class=\"elementor-section elementor-top-section elementor-element elementor-element-5b772ca elementor-section-boxed elementor-section-height-default elementor-section-height-default\" data-id=\"5b772ca\" data-element_type=\"section\">\n\t\t\t\t\t\t<div class=\"elementor-container elementor-column-gap-default\">\n\t\t\t\t\t<div class=\"elementor-column elementor-col-100 elementor-top-column elementor-element elementor-element-46a76c5d\" data-id=\"46a76c5d\" data-element_type=\"column\">\n\t\t\t<div class=\"elementor-widget-wrap elementor-element-populated\">\n\t\t\t\t\t\t<div class=\"elementor-element elementor-element-53b7e53 elementor-widget elementor-widget-heading\" data-id=\"53b7e53\" data-element_type=\"widget\" data-widget_type=\"heading.default\">\n\t\t\t\t<div class=\"elementor-widget-container\">\n\t\t\t<h2 class=\"elementor-heading-title elementor-size-large\">La nostra offerta<\/h2>\t\t<\/div>\n\t\t\t\t<\/div>\n\t\t\t\t<section class=\"elementor-section elementor-inner-section elementor-element elementor-element-f1877ed elementor-section-boxed elementor-section-height-default elementor-section-height-default\" data-id=\"f1877ed\" data-element_type=\"section\">\n\t\t\t\t\t\t<div class=\"elementor-container elementor-column-gap-default\">\n\t\t\t\t\t<div class=\"elementor-column elementor-col-33 elementor-inner-column elementor-element elementor-element-e4f5f43\" data-id=\"e4f5f43\" data-element_type=\"column\" data-settings=\"{&quot;background_background&quot;:&quot;classic&quot;}\">\n\t\t\t<div class=\"elementor-widget-wrap elementor-element-populated\">\n\t\t\t\t\t\t<div class=\"elementor-element elementor-element-c8fb911 elementor-widget elementor-widget-heading\" data-id=\"c8fb911\" data-element_type=\"widget\" data-widget_type=\"heading.default\">\n\t\t\t\t<div class=\"elementor-widget-container\">\n\t\t\t<h2 class=\"elementor-heading-title elementor-size-default\">Sistemi<\/h2>\t\t<\/div>\n\t\t\t\t<\/div>\n\t\t\t\t<div class=\"elementor-element elementor-element-a939e58 elementor-widget elementor-widget-image\" data-id=\"a939e58\" data-element_type=\"widget\" data-widget_type=\"image.default\">\n\t\t\t\t<div class=\"elementor-widget-container\">\n\t\t\t\t\t\t\t\t\t\t\t\t\t<img fetchpriority=\"high\" decoding=\"async\" width=\"763\" height=\"1024\" src=\"https:\/\/lemontec.ch\/wp-content\/uploads\/2023\/11\/SCALA-1000-763x1024.png\" class=\"attachment-large size-large wp-image-426\" alt=\"\" srcset=\"https:\/\/lemontec.ch\/wp-content\/uploads\/2023\/11\/SCALA-1000-763x1024.png 763w, https:\/\/lemontec.ch\/wp-content\/uploads\/2023\/11\/SCALA-1000-224x300.png 224w, https:\/\/lemontec.ch\/wp-content\/uploads\/2023\/11\/SCALA-1000-768x1031.png 768w, https:\/\/lemontec.ch\/wp-content\/uploads\/2023\/11\/SCALA-1000.png 1000w\" sizes=\"(max-width: 763px) 100vw, 763px\" \/>\t\t\t\t\t\t\t\t\t\t\t\t\t<\/div>\n\t\t\t\t<\/div>\n\t\t\t\t<div class=\"elementor-element elementor-element-2ad5995 elementor-widget elementor-widget-text-editor\" data-id=\"2ad5995\" data-element_type=\"widget\" data-widget_type=\"text-editor.default\">\n\t\t\t\t<div class=\"elementor-widget-container\">\n\t\t\t\t\t\t\t<p>Scala ist ein Schritt in die Zukunft. Die SCALA-Automaten k\u00f6nnen ab sofort mit TWINT-f\u00e4higen Kreditkarten-Terminals ausger\u00fcstert werden.\u00a0 Fragen Sie uns nach einer unverbindlichen Offerte. <br \/><br \/><span style=\"color: #ff6600;\">NOVIT\u00c0: i distributori automatici SCALA possono inviare messaggi a vari numeri via SMS in caso di guasti grazie a un modulo aggiuntivo.<\/span><\/p>\t\t\t\t\t\t<\/div>\n\t\t\t\t<\/div>\n\t\t\t\t<div class=\"elementor-element elementor-element-2926eb6 elementor-widget elementor-widget-spacer\" data-id=\"2926eb6\" data-element_type=\"widget\" data-widget_type=\"spacer.default\">\n\t\t\t\t<div class=\"elementor-widget-container\">\n\t\t\t\t\t<div class=\"elementor-spacer\">\n\t\t\t<div class=\"elementor-spacer-inner\"><\/div>\n\t\t<\/div>\n\t\t\t\t<\/div>\n\t\t\t\t<\/div>\n\t\t\t\t\t<\/div>\n\t\t<\/div>\n\t\t\t\t<div class=\"elementor-column elementor-col-33 elementor-inner-column elementor-element elementor-element-4f6de52\" data-id=\"4f6de52\" data-element_type=\"column\" data-settings=\"{&quot;background_background&quot;:&quot;classic&quot;}\">\n\t\t\t<div class=\"elementor-widget-wrap elementor-element-populated\">\n\t\t\t\t\t\t<div class=\"elementor-element elementor-element-24a4e61 elementor-widget elementor-widget-heading\" data-id=\"24a4e61\" data-element_type=\"widget\" data-widget_type=\"heading.default\">\n\t\t\t\t<div class=\"elementor-widget-container\">\n\t\t\t<h2 class=\"elementor-heading-title elementor-size-default\">Dispositivi<\/h2>\t\t<\/div>\n\t\t\t\t<\/div>\n\t\t\t\t<div class=\"elementor-element elementor-element-9be458f elementor-widget elementor-widget-spacer\" data-id=\"9be458f\" data-element_type=\"widget\" data-widget_type=\"spacer.default\">\n\t\t\t\t<div class=\"elementor-widget-container\">\n\t\t\t\t\t<div class=\"elementor-spacer\">\n\t\t\t<div class=\"elementor-spacer-inner\"><\/div>\n\t\t<\/div>\n\t\t\t\t<\/div>\n\t\t\t\t<\/div>\n\t\t\t\t<div class=\"elementor-element elementor-element-3edcdab elementor-widget elementor-widget-image\" data-id=\"3edcdab\" data-element_type=\"widget\" data-widget_type=\"image.default\">\n\t\t\t\t<div class=\"elementor-widget-container\">\n\t\t\t\t\t\t\t\t\t\t\t\t\t<img decoding=\"async\" width=\"786\" height=\"426\" src=\"https:\/\/lemontec.ch\/wp-content\/uploads\/2023\/10\/Geraete.png\" class=\"attachment-large size-large wp-image-401\" alt=\"\" srcset=\"https:\/\/lemontec.ch\/wp-content\/uploads\/2023\/10\/Geraete.png 786w, https:\/\/lemontec.ch\/wp-content\/uploads\/2023\/10\/Geraete-300x163.png 300w, https:\/\/lemontec.ch\/wp-content\/uploads\/2023\/10\/Geraete-768x416.png 768w\" sizes=\"(max-width: 786px) 100vw, 786px\" \/>\t\t\t\t\t\t\t\t\t\t\t\t\t<\/div>\n\t\t\t\t<\/div>\n\t\t\t\t<div class=\"elementor-element elementor-element-077c2d2 elementor-widget elementor-widget-text-editor\" data-id=\"077c2d2\" data-element_type=\"widget\" data-widget_type=\"text-editor.default\">\n\t\t\t\t<div class=\"elementor-widget-container\">\n\t\t\t\t\t\t\t<p>Aggiornamento delle stazioni<br \/>Apparecchi per il lavaggio e l'aspirazione<\/p>\t\t\t\t\t\t<\/div>\n\t\t\t\t<\/div>\n\t\t\t\t\t<\/div>\n\t\t<\/div>\n\t\t\t\t<div class=\"elementor-column elementor-col-33 elementor-inner-column elementor-element elementor-element-8678577\" data-id=\"8678577\" data-element_type=\"column\" data-settings=\"{&quot;background_background&quot;:&quot;classic&quot;}\">\n\t\t\t<div class=\"elementor-widget-wrap elementor-element-populated\">\n\t\t\t\t\t\t<div class=\"elementor-element elementor-element-c257028 elementor-widget elementor-widget-heading\" data-id=\"c257028\" data-element_type=\"widget\" data-widget_type=\"heading.default\">\n\t\t\t\t<div class=\"elementor-widget-container\">\n\t\t\t<h2 class=\"elementor-heading-title elementor-size-default\">Supporto dati \/ token<\/h2>\t\t<\/div>\n\t\t\t\t<\/div>\n\t\t\t\t<div class=\"elementor-element elementor-element-22d988b elementor-widget elementor-widget-spacer\" data-id=\"22d988b\" data-element_type=\"widget\" data-widget_type=\"spacer.default\">\n\t\t\t\t<div class=\"elementor-widget-container\">\n\t\t\t\t\t<div class=\"elementor-spacer\">\n\t\t\t<div class=\"elementor-spacer-inner\"><\/div>\n\t\t<\/div>\n\t\t\t\t<\/div>\n\t\t\t\t<\/div>\n\t\t\t\t<div class=\"elementor-element elementor-element-826f461 elementor-widget elementor-widget-image\" data-id=\"826f461\" data-element_type=\"widget\" data-widget_type=\"image.default\">\n\t\t\t\t<div class=\"elementor-widget-container\">\n\t\t\t\t\t\t\t\t\t\t\t\t\t<img decoding=\"async\" width=\"818\" height=\"459\" src=\"https:\/\/lemontec.ch\/wp-content\/uploads\/2023\/09\/Datentraeger-1.png\" class=\"attachment-large size-large wp-image-366\" alt=\"\" srcset=\"https:\/\/lemontec.ch\/wp-content\/uploads\/2023\/09\/Datentraeger-1.png 818w, https:\/\/lemontec.ch\/wp-content\/uploads\/2023\/09\/Datentraeger-1-300x168.png 300w, https:\/\/lemontec.ch\/wp-content\/uploads\/2023\/09\/Datentraeger-1-768x431.png 768w, https:\/\/lemontec.ch\/wp-content\/uploads\/2023\/09\/Datentraeger-1-800x450.png 800w\" sizes=\"(max-width: 818px) 100vw, 818px\" \/>\t\t\t\t\t\t\t\t\t\t\t\t\t<\/div>\n\t\t\t\t<\/div>\n\t\t\t\t<div class=\"elementor-element elementor-element-78303ff elementor-widget elementor-widget-text-editor\" data-id=\"78303ff\" data-element_type=\"widget\" data-widget_type=\"text-editor.default\">\n\t\t\t\t<div class=\"elementor-widget-container\">\n\t\t\t\t\t\t\t<p>Datentr\u00e4ger verschiedener Technologien:<br>&nbsp;&nbsp; - Biglietti stampati su misura<br>&nbsp;&nbsp; - Portachiavi stampato personalizzato<br>Gettoni :<br>&nbsp;&nbsp; - Gettoni standard<br>&nbsp;&nbsp; - Gettoni in rilievo personalizzati<br><\/p>\t\t\t\t\t\t<\/div>\n\t\t\t\t<\/div>\n\t\t\t\t\t<\/div>\n\t\t<\/div>\n\t\t\t\t\t<\/div>\n\t\t<\/section>\n\t\t\t\t<div class=\"elementor-element elementor-element-279e537 elementor-widget elementor-widget-spacer\" data-id=\"279e537\" data-element_type=\"widget\" data-widget_type=\"spacer.default\">\n\t\t\t\t<div class=\"elementor-widget-container\">\n\t\t\t\t\t<div class=\"elementor-spacer\">\n\t\t\t<div class=\"elementor-spacer-inner\"><\/div>\n\t\t<\/div>\n\t\t\t\t<\/div>\n\t\t\t\t<\/div>\n\t\t\t\t<section class=\"elementor-section elementor-inner-section elementor-element elementor-element-7b52176 elementor-section-boxed elementor-section-height-default elementor-section-height-default\" data-id=\"7b52176\" data-element_type=\"section\">\n\t\t\t\t\t\t<div class=\"elementor-container elementor-column-gap-default\">\n\t\t\t\t\t<div class=\"elementor-column elementor-col-33 elementor-inner-column elementor-element elementor-element-a8ead38\" data-id=\"a8ead38\" data-element_type=\"column\" data-settings=\"{&quot;background_background&quot;:&quot;classic&quot;}\">\n\t\t\t<div class=\"elementor-widget-wrap elementor-element-populated\">\n\t\t\t\t\t\t<div class=\"elementor-element elementor-element-c8e93ff elementor-widget elementor-widget-heading\" data-id=\"c8e93ff\" data-element_type=\"widget\" data-widget_type=\"heading.default\">\n\t\t\t\t<div class=\"elementor-widget-container\">\n\t\t\t<h2 class=\"elementor-heading-title elementor-size-default\">Prodotti commerciali<\/h2>\t\t<\/div>\n\t\t\t\t<\/div>\n\t\t\t\t<div class=\"elementor-element elementor-element-1b09844 elementor-widget elementor-widget-spacer\" data-id=\"1b09844\" data-element_type=\"widget\" data-widget_type=\"spacer.default\">\n\t\t\t\t<div class=\"elementor-widget-container\">\n\t\t\t\t\t<div class=\"elementor-spacer\">\n\t\t\t<div class=\"elementor-spacer-inner\"><\/div>\n\t\t<\/div>\n\t\t\t\t<\/div>\n\t\t\t\t<\/div>\n\t\t\t\t<div class=\"elementor-element elementor-element-8d3737b elementor-widget elementor-widget-image\" data-id=\"8d3737b\" data-element_type=\"widget\" data-widget_type=\"image.default\">\n\t\t\t\t<div class=\"elementor-widget-container\">\n\t\t\t\t\t\t\t\t\t\t\t\t\t<img loading=\"lazy\" decoding=\"async\" width=\"786\" height=\"426\" src=\"https:\/\/lemontec.ch\/wp-content\/uploads\/2023\/09\/Handelsprodukte.png\" class=\"attachment-large size-large wp-image-320\" alt=\"\" srcset=\"https:\/\/lemontec.ch\/wp-content\/uploads\/2023\/09\/Handelsprodukte.png 786w, https:\/\/lemontec.ch\/wp-content\/uploads\/2023\/09\/Handelsprodukte-300x163.png 300w, https:\/\/lemontec.ch\/wp-content\/uploads\/2023\/09\/Handelsprodukte-768x416.png 768w\" sizes=\"(max-width: 786px) 100vw, 786px\" \/>\t\t\t\t\t\t\t\t\t\t\t\t\t<\/div>\n\t\t\t\t<\/div>\n\t\t\t\t<div class=\"elementor-element elementor-element-a0a988a elementor-widget elementor-widget-text-editor\" data-id=\"a0a988a\" data-element_type=\"widget\" data-widget_type=\"text-editor.default\">\n\t\t\t\t<div class=\"elementor-widget-container\">\n\t\t\t\t\t\t\t<p>Diversi validatori di monete, validatori di banconote, hopper, stampanti di ricevute ecc. sono disponibili a magazzino e possono essere consegnati immediatamente.<\/p>\t\t\t\t\t\t<\/div>\n\t\t\t\t<\/div>\n\t\t\t\t<div class=\"elementor-element elementor-element-cb51071 elementor-widget elementor-widget-spacer\" data-id=\"cb51071\" data-element_type=\"widget\" data-widget_type=\"spacer.default\">\n\t\t\t\t<div class=\"elementor-widget-container\">\n\t\t\t\t\t<div class=\"elementor-spacer\">\n\t\t\t<div class=\"elementor-spacer-inner\"><\/div>\n\t\t<\/div>\n\t\t\t\t<\/div>\n\t\t\t\t<\/div>\n\t\t\t\t\t<\/div>\n\t\t<\/div>\n\t\t\t\t<div class=\"elementor-column elementor-col-33 elementor-inner-column elementor-element elementor-element-cb7c4fe\" data-id=\"cb7c4fe\" data-element_type=\"column\" data-settings=\"{&quot;background_background&quot;:&quot;classic&quot;}\">\n\t\t\t<div class=\"elementor-widget-wrap elementor-element-populated\">\n\t\t\t\t\t\t<div class=\"elementor-element elementor-element-10d31e4 elementor-widget elementor-widget-heading\" data-id=\"10d31e4\" data-element_type=\"widget\" data-widget_type=\"heading.default\">\n\t\t\t\t<div class=\"elementor-widget-container\">\n\t\t\t<h2 class=\"elementor-heading-title elementor-size-default\">Servizio \/ Revisione<\/h2>\t\t<\/div>\n\t\t\t\t<\/div>\n\t\t\t\t<div class=\"elementor-element elementor-element-54b0ecb elementor-widget elementor-widget-image\" data-id=\"54b0ecb\" data-element_type=\"widget\" data-widget_type=\"image.default\">\n\t\t\t\t<div class=\"elementor-widget-container\">\n\t\t\t\t\t\t\t\t\t\t\t\t\t<img loading=\"lazy\" decoding=\"async\" width=\"800\" height=\"400\" src=\"https:\/\/lemontec.ch\/wp-content\/uploads\/2023\/09\/Servicefahrzeug.png\" class=\"attachment-large size-large wp-image-288\" alt=\"\" srcset=\"https:\/\/lemontec.ch\/wp-content\/uploads\/2023\/09\/Servicefahrzeug.png 800w, https:\/\/lemontec.ch\/wp-content\/uploads\/2023\/09\/Servicefahrzeug-300x150.png 300w, https:\/\/lemontec.ch\/wp-content\/uploads\/2023\/09\/Servicefahrzeug-768x384.png 768w\" sizes=\"(max-width: 800px) 100vw, 800px\" \/>\t\t\t\t\t\t\t\t\t\t\t\t\t<\/div>\n\t\t\t\t<\/div>\n\t\t\t\t<div class=\"elementor-element elementor-element-25b3153 elementor-widget elementor-widget-spacer\" data-id=\"25b3153\" data-element_type=\"widget\" data-widget_type=\"spacer.default\">\n\t\t\t\t<div class=\"elementor-widget-container\">\n\t\t\t\t\t<div class=\"elementor-spacer\">\n\t\t\t<div class=\"elementor-spacer-inner\"><\/div>\n\t\t<\/div>\n\t\t\t\t<\/div>\n\t\t\t\t<\/div>\n\t\t\t\t<div class=\"elementor-element elementor-element-e1763a1 elementor-widget elementor-widget-text-editor\" data-id=\"e1763a1\" data-element_type=\"widget\" data-widget_type=\"text-editor.default\">\n\t\t\t\t<div class=\"elementor-widget-container\">\n\t\t\t\t\t\t\t<p>Siamo in grado di revisionare o riparare validatori di monete, validatori di banconote, tramogge, stampanti di ricevute ecc. di vari produttori. <br \/>Se il problema non pu\u00f2 essere risolto internamente, offriamo un servizio di assistenza in loco in tutta la Svizzera.<\/p>\t\t\t\t\t\t<\/div>\n\t\t\t\t<\/div>\n\t\t\t\t\t<\/div>\n\t\t<\/div>\n\t\t\t\t<div class=\"elementor-column elementor-col-33 elementor-inner-column elementor-element elementor-element-77306e2\" data-id=\"77306e2\" data-element_type=\"column\" data-settings=\"{&quot;background_background&quot;:&quot;classic&quot;}\">\n\t\t\t<div class=\"elementor-widget-wrap elementor-element-populated\">\n\t\t\t\t\t\t<div class=\"elementor-element elementor-element-60b9219 elementor-widget elementor-widget-heading\" data-id=\"60b9219\" data-element_type=\"widget\" data-widget_type=\"heading.default\">\n\t\t\t\t<div class=\"elementor-widget-container\">\n\t\t\t<h2 class=\"elementor-heading-title elementor-size-default\">Accessori \/ ricambi<\/h2>\t\t<\/div>\n\t\t\t\t<\/div>\n\t\t\t\t<div class=\"elementor-element elementor-element-e70a83b elementor-widget elementor-widget-spacer\" data-id=\"e70a83b\" data-element_type=\"widget\" data-widget_type=\"spacer.default\">\n\t\t\t\t<div class=\"elementor-widget-container\">\n\t\t\t\t\t<div class=\"elementor-spacer\">\n\t\t\t<div class=\"elementor-spacer-inner\"><\/div>\n\t\t<\/div>\n\t\t\t\t<\/div>\n\t\t\t\t<\/div>\n\t\t\t\t<div class=\"elementor-element elementor-element-3356882 elementor-widget elementor-widget-image\" data-id=\"3356882\" data-element_type=\"widget\" data-widget_type=\"image.default\">\n\t\t\t\t<div class=\"elementor-widget-container\">\n\t\t\t\t\t\t\t\t\t\t\t\t\t<img loading=\"lazy\" decoding=\"async\" width=\"197\" height=\"123\" src=\"https:\/\/lemontec.ch\/wp-content\/uploads\/2023\/09\/Papier.png\" class=\"attachment-large size-large wp-image-335\" alt=\"\" \/>\t\t\t\t\t\t\t\t\t\t\t\t\t<\/div>\n\t\t\t\t<\/div>\n\t\t\t\t<div class=\"elementor-element elementor-element-b13617e elementor-widget elementor-widget-spacer\" data-id=\"b13617e\" data-element_type=\"widget\" data-widget_type=\"spacer.default\">\n\t\t\t\t<div class=\"elementor-widget-container\">\n\t\t\t\t\t<div class=\"elementor-spacer\">\n\t\t\t<div class=\"elementor-spacer-inner\"><\/div>\n\t\t<\/div>\n\t\t\t\t<\/div>\n\t\t\t\t<\/div>\n\t\t\t\t<div class=\"elementor-element elementor-element-91ff506 elementor-widget elementor-widget-text-editor\" data-id=\"91ff506\" data-element_type=\"widget\" data-widget_type=\"text-editor.default\">\n\t\t\t\t<div class=\"elementor-widget-container\">\n\t\t\t\t\t\t\t<p>Abbiamo sempre a disposizione carta per ricevute di varie dimensioni.<br \/>Carta di calibrazione per i controllori di voto<br \/>Spray per la pulizia<\/p>\t\t\t\t\t\t<\/div>\n\t\t\t\t<\/div>\n\t\t\t\t\t<\/div>\n\t\t<\/div>\n\t\t\t\t\t<\/div>\n\t\t<\/section>\n\t\t\t\t\t<\/div>\n\t\t<\/div>\n\t\t\t\t\t<\/div>\n\t\t<\/section>\n\t\t\t\t<section class=\"elementor-section elementor-top-section elementor-element elementor-element-16a975a elementor-section-boxed elementor-section-height-default elementor-section-height-default\" data-id=\"16a975a\" data-element_type=\"section\">\n\t\t\t\t\t\t<div class=\"elementor-container elementor-column-gap-default\">\n\t\t\t\t\t<div class=\"elementor-column elementor-col-100 elementor-top-column elementor-element elementor-element-6839dc3\" data-id=\"6839dc3\" data-element_type=\"column\">\n\t\t\t<div class=\"elementor-widget-wrap elementor-element-populated\">\n\t\t\t\t\t\t<div class=\"elementor-element elementor-element-01bc9cc elementor-widget elementor-widget-heading\" data-id=\"01bc9cc\" data-element_type=\"widget\" data-widget_type=\"heading.default\">\n\t\t\t\t<div class=\"elementor-widget-container\">\n\t\t\t<h2 class=\"elementor-heading-title elementor-size-default\"><br><br><br><br>I nostri partner<\/h2>\t\t<\/div>\n\t\t\t\t<\/div>\n\t\t\t\t<section class=\"elementor-section elementor-inner-section elementor-element elementor-element-7aee323 elementor-section-boxed elementor-section-height-default elementor-section-height-default\" data-id=\"7aee323\" data-element_type=\"section\">\n\t\t\t\t\t\t<div class=\"elementor-container elementor-column-gap-default\">\n\t\t\t\t\t<div class=\"elementor-column elementor-col-25 elementor-inner-column elementor-element elementor-element-17debcf\" data-id=\"17debcf\" data-element_type=\"column\">\n\t\t\t<div class=\"elementor-widget-wrap elementor-element-populated\">\n\t\t\t\t\t\t<div class=\"elementor-element elementor-element-35728d8 e-transform elementor-widget elementor-widget-image\" data-id=\"35728d8\" data-element_type=\"widget\" data-settings=\"{&quot;_transform_scale_effect&quot;:{&quot;unit&quot;:&quot;px&quot;,&quot;size&quot;:1.6,&quot;sizes&quot;:[]},&quot;_transform_scale_effect_tablet&quot;:{&quot;unit&quot;:&quot;px&quot;,&quot;size&quot;:&quot;&quot;,&quot;sizes&quot;:[]},&quot;_transform_scale_effect_mobile&quot;:{&quot;unit&quot;:&quot;px&quot;,&quot;size&quot;:&quot;&quot;,&quot;sizes&quot;:[]}}\" data-widget_type=\"image.default\">\n\t\t\t\t<div class=\"elementor-widget-container\">\n\t\t\t\t\t\t\t\t\t\t\t\t\t<img loading=\"lazy\" decoding=\"async\" width=\"1024\" height=\"243\" src=\"https:\/\/lemontec.ch\/wp-content\/uploads\/2023\/07\/Bild_2023-07-05_104036869-1024x243.png\" class=\"attachment-large size-large wp-image-223\" alt=\"\" srcset=\"https:\/\/lemontec.ch\/wp-content\/uploads\/2023\/07\/Bild_2023-07-05_104036869-1024x243.png 1024w, https:\/\/lemontec.ch\/wp-content\/uploads\/2023\/07\/Bild_2023-07-05_104036869-300x71.png 300w, https:\/\/lemontec.ch\/wp-content\/uploads\/2023\/07\/Bild_2023-07-05_104036869-768x182.png 768w, https:\/\/lemontec.ch\/wp-content\/uploads\/2023\/07\/Bild_2023-07-05_104036869.png 1499w\" sizes=\"(max-width: 1024px) 100vw, 1024px\" \/>\t\t\t\t\t\t\t\t\t\t\t\t\t<\/div>\n\t\t\t\t<\/div>\n\t\t\t\t\t<\/div>\n\t\t<\/div>\n\t\t\t\t<div class=\"elementor-column elementor-col-25 elementor-inner-column elementor-element elementor-element-a44a1ae\" data-id=\"a44a1ae\" data-element_type=\"column\">\n\t\t\t<div class=\"elementor-widget-wrap elementor-element-populated\">\n\t\t\t\t\t\t<div class=\"elementor-element elementor-element-21578af e-transform elementor-widget elementor-widget-image\" data-id=\"21578af\" data-element_type=\"widget\" data-settings=\"{&quot;_transform_scale_effect&quot;:{&quot;unit&quot;:&quot;px&quot;,&quot;size&quot;:0.3,&quot;sizes&quot;:[]},&quot;_transform_scale_effect_tablet&quot;:{&quot;unit&quot;:&quot;px&quot;,&quot;size&quot;:&quot;&quot;,&quot;sizes&quot;:[]},&quot;_transform_scale_effect_mobile&quot;:{&quot;unit&quot;:&quot;px&quot;,&quot;size&quot;:&quot;&quot;,&quot;sizes&quot;:[]}}\" data-widget_type=\"image.default\">\n\t\t\t\t<div class=\"elementor-widget-container\">\n\t\t\t\t\t\t\t\t\t\t\t\t\t<img loading=\"lazy\" decoding=\"async\" width=\"596\" height=\"153\" src=\"https:\/\/lemontec.ch\/wp-content\/uploads\/2024\/11\/wallee.png\" class=\"attachment-medium_large size-medium_large wp-image-778\" alt=\"\" srcset=\"https:\/\/lemontec.ch\/wp-content\/uploads\/2024\/11\/wallee.png 596w, https:\/\/lemontec.ch\/wp-content\/uploads\/2024\/11\/wallee-300x77.png 300w, https:\/\/lemontec.ch\/wp-content\/uploads\/2024\/11\/wallee-18x5.png 18w\" sizes=\"(max-width: 596px) 100vw, 596px\" \/>\t\t\t\t\t\t\t\t\t\t\t\t\t<\/div>\n\t\t\t\t<\/div>\n\t\t\t\t\t<\/div>\n\t\t<\/div>\n\t\t\t\t<div class=\"elementor-column elementor-col-25 elementor-inner-column elementor-element elementor-element-2195258\" data-id=\"2195258\" data-element_type=\"column\">\n\t\t\t<div class=\"elementor-widget-wrap elementor-element-populated\">\n\t\t\t\t\t\t<div class=\"elementor-element elementor-element-0373d4d elementor-widget elementor-widget-image\" data-id=\"0373d4d\" data-element_type=\"widget\" data-widget_type=\"image.default\">\n\t\t\t\t<div class=\"elementor-widget-container\">\n\t\t\t\t\t\t\t\t\t\t\t\t\t<img loading=\"lazy\" decoding=\"async\" width=\"700\" height=\"116\" src=\"https:\/\/lemontec.ch\/wp-content\/uploads\/2023\/07\/worldline-mint-horizontal.700x0-is.png\" class=\"attachment-large size-large wp-image-180\" alt=\"\" srcset=\"https:\/\/lemontec.ch\/wp-content\/uploads\/2023\/07\/worldline-mint-horizontal.700x0-is.png 700w, https:\/\/lemontec.ch\/wp-content\/uploads\/2023\/07\/worldline-mint-horizontal.700x0-is-300x50.png 300w\" sizes=\"(max-width: 700px) 100vw, 700px\" \/>\t\t\t\t\t\t\t\t\t\t\t\t\t<\/div>\n\t\t\t\t<\/div>\n\t\t\t\t\t<\/div>\n\t\t<\/div>\n\t\t\t\t<div class=\"elementor-column elementor-col-25 elementor-inner-column elementor-element elementor-element-2804913\" data-id=\"2804913\" data-element_type=\"column\">\n\t\t\t<div class=\"elementor-widget-wrap\">\n\t\t\t\t\t\t\t<\/div>\n\t\t<\/div>\n\t\t\t\t\t<\/div>\n\t\t<\/section>\n\t\t\t\t\t<\/div>\n\t\t<\/div>\n\t\t\t\t\t<\/div>\n\t\t<\/section>\n\t\t\t\t<section class=\"elementor-section elementor-top-section elementor-element elementor-element-a4fd404 elementor-section-boxed elementor-section-height-default elementor-section-height-default\" data-id=\"a4fd404\" data-element_type=\"section\">\n\t\t\t\t\t\t<div class=\"elementor-container elementor-column-gap-default\">\n\t\t\t\t\t<div class=\"elementor-column elementor-col-100 elementor-top-column elementor-element elementor-element-29e61d2\" data-id=\"29e61d2\" data-element_type=\"column\">\n\t\t\t<div class=\"elementor-widget-wrap elementor-element-populated\">\n\t\t\t\t\t\t<div class=\"elementor-element elementor-element-f04e147 elementor-widget elementor-widget-spacer\" data-id=\"f04e147\" data-element_type=\"widget\" data-widget_type=\"spacer.default\">\n\t\t\t\t<div class=\"elementor-widget-container\">\n\t\t\t\t\t<div class=\"elementor-spacer\">\n\t\t\t<div class=\"elementor-spacer-inner\"><\/div>\n\t\t<\/div>\n\t\t\t\t<\/div>\n\t\t\t\t<\/div>\n\t\t\t\t\t<\/div>\n\t\t<\/div>\n\t\t\t\t\t<\/div>\n\t\t<\/section>\n\t\t\t\t<section class=\"elementor-section elementor-top-section elementor-element elementor-element-653cb86 elementor-section-boxed elementor-section-height-default elementor-section-height-default\" data-id=\"653cb86\" data-element_type=\"section\">\n\t\t\t\t\t\t<div class=\"elementor-container elementor-column-gap-default\">\n\t\t\t\t\t<div class=\"elementor-column elementor-col-100 elementor-top-column elementor-element elementor-element-0d0fdfb\" data-id=\"0d0fdfb\" data-element_type=\"column\">\n\t\t\t<div class=\"elementor-widget-wrap\">\n\t\t\t\t\t\t\t<\/div>\n\t\t<\/div>\n\t\t\t\t\t<\/div>\n\t\t<\/section>\n\t\t\t\t<\/div>","protected":false},"excerpt":{"rendered":"<p>Unser Angebot Systeme Scala ist ein Schritt in die Zukunft. Die SCALA-Automaten k\u00f6nnen ab sofort mit TWINT-f\u00e4higen Kreditkarten-Terminals ausger\u00fcstert werden.\u00a0 Fragen Sie uns nach einer unverbindlichen Offerte. NEU: Die SCALA-Automaten k\u00f6nnen bei St\u00f6rungen \u00fcber ein Zusatzmodul per SMS an verschiedene Nummern Meldungen versenden. Ger\u00e4te AufwertstationenGer\u00e4te f\u00fcr Wasch- und Sauger-Pl\u00e4tze Datentr\u00e4ger \/ Jetons Datentr\u00e4ger verschiedener Technologien:&nbsp;&nbsp; [&hellip;]<\/p>","protected":false},"author":1,"featured_media":0,"parent":0,"menu_order":0,"comment_status":"closed","ping_status":"closed","template":"","meta":{"footnotes":""},"class_list":["post-809","page","type-page","status-publish","hentry","entry"],"_links":{"self":[{"href":"https:\/\/lemontec.ch\/it\/wp-json\/wp\/v2\/pages\/809","targetHints":{"allow":["GET"]}}],"collection":[{"href":"https:\/\/lemontec.ch\/it\/wp-json\/wp\/v2\/pages"}],"about":[{"href":"https:\/\/lemontec.ch\/it\/wp-json\/wp\/v2\/types\/page"}],"author":[{"embeddable":true,"href":"https:\/\/lemontec.ch\/it\/wp-json\/wp\/v2\/users\/1"}],"replies":[{"embeddable":true,"href":"https:\/\/lemontec.ch\/it\/wp-json\/wp\/v2\/comments?post=809"}],"version-history":[{"count":4,"href":"https:\/\/lemontec.ch\/it\/wp-json\/wp\/v2\/pages\/809\/revisions"}],"predecessor-version":[{"id":925,"href":"https:\/\/lemontec.ch\/it\/wp-json\/wp\/v2\/pages\/809\/revisions\/925"}],"wp:attachment":[{"href":"https:\/\/lemontec.ch\/it\/wp-json\/wp\/v2\/media?parent=809"}],"curies":[{"name":"wp","href":"https:\/\/api.w.org\/{rel}","templated":true}]}}