{"id":754,"date":"2024-04-12T16:08:17","date_gmt":"2024-04-12T14:08:17","guid":{"rendered":"https:\/\/lemontec.ch\/?page_id=754"},"modified":"2024-04-12T18:42:12","modified_gmt":"2024-04-12T16:42:12","slug":"datenschutzerklaerung-2","status":"publish","type":"page","link":"https:\/\/lemontec.ch\/it\/datenschutzerklaerung-2\/","title":{"rendered":"Datenschutzerklaerung"},"content":{"rendered":"<div data-elementor-type=\"wp-page\" data-elementor-id=\"754\" class=\"elementor elementor-754\">\n\t\t\t\t\t\t<section class=\"elementor-section elementor-top-section elementor-element elementor-element-1c8a5da elementor-section-boxed elementor-section-height-default elementor-section-height-default\" data-id=\"1c8a5da\" data-element_type=\"section\">\n\t\t\t\t\t\t<div class=\"elementor-container elementor-column-gap-default\">\n\t\t\t\t\t<div class=\"elementor-column elementor-col-100 elementor-top-column elementor-element elementor-element-d9b8bac\" data-id=\"d9b8bac\" data-element_type=\"column\">\n\t\t\t<div class=\"elementor-widget-wrap elementor-element-populated\">\n\t\t\t\t\t\t<div class=\"elementor-element elementor-element-3067153 elementor-widget elementor-widget-spacer\" data-id=\"3067153\" data-element_type=\"widget\" data-widget_type=\"spacer.default\">\n\t\t\t\t<div class=\"elementor-widget-container\">\n\t\t\t\t\t<div class=\"elementor-spacer\">\n\t\t\t<div class=\"elementor-spacer-inner\"><\/div>\n\t\t<\/div>\n\t\t\t\t<\/div>\n\t\t\t\t<\/div>\n\t\t\t\t\t<\/div>\n\t\t<\/div>\n\t\t\t\t\t<\/div>\n\t\t<\/section>\n\t\t\t\t<section class=\"elementor-section elementor-top-section elementor-element elementor-element-92fb2fa elementor-section-boxed elementor-section-height-default elementor-section-height-default\" data-id=\"92fb2fa\" data-element_type=\"section\">\n\t\t\t\t\t\t<div class=\"elementor-container elementor-column-gap-default\">\n\t\t\t\t\t<div class=\"elementor-column elementor-col-100 elementor-top-column elementor-element elementor-element-3e7f4e6\" data-id=\"3e7f4e6\" data-element_type=\"column\">\n\t\t\t<div class=\"elementor-widget-wrap elementor-element-populated\">\n\t\t\t\t\t\t<div class=\"elementor-element elementor-element-1c2d7fe elementor-widget elementor-widget-heading\" data-id=\"1c2d7fe\" data-element_type=\"widget\" data-widget_type=\"heading.default\">\n\t\t\t\t<div class=\"elementor-widget-container\">\n\t\t\t<h2 class=\"elementor-heading-title elementor-size-large\">Datenschutzerkl\u00e4rung<\/h2>\t\t<\/div>\n\t\t\t\t<\/div>\n\t\t\t\t\t<\/div>\n\t\t<\/div>\n\t\t\t\t\t<\/div>\n\t\t<\/section>\n\t\t\t\t<section class=\"elementor-section elementor-top-section elementor-element elementor-element-5cab13b elementor-section-boxed elementor-section-height-default elementor-section-height-default\" data-id=\"5cab13b\" data-element_type=\"section\">\n\t\t\t\t\t\t<div class=\"elementor-container elementor-column-gap-default\">\n\t\t\t\t\t<div class=\"elementor-column elementor-col-100 elementor-top-column elementor-element elementor-element-8a8da94\" data-id=\"8a8da94\" data-element_type=\"column\">\n\t\t\t<div class=\"elementor-widget-wrap elementor-element-populated\">\n\t\t\t\t\t\t<div class=\"elementor-element elementor-element-886c1c7 elementor-widget__width-initial elementor-widget elementor-widget-text-editor\" data-id=\"886c1c7\" data-element_type=\"widget\" data-widget_type=\"text-editor.default\">\n\t\t\t\t<div class=\"elementor-widget-container\">\n\t\t\t\t\t\t\t<p><\/p>\n<div>\n<article>\n<div>\n<h3>1 Datenschutzerkl\u00e4rung<\/h3>\n<p style=\"line-height: 100%; margin-bottom: 0cm;\"><span style=\"font-family: Arial, sans-serif;\">Die vorliegende Datenschutzerkl\u00e4rung kl\u00e4rt Sie \u00fcber die Art, den Umfang und den Zweck der Erhebung und Verwendung personenbezogener Daten auf unserer Website LEMONTEC.CH (im Folgenden \u201eWebsite\u201c) durch die LEMONTEC AG (im Folgenden \u201ewir\u201c oder \u201euns\u201c) auf und gibt \u00fcber die Ihnen zustehenden Rechte Auskunft. Diese Rechte richten sich nach den anwendbaren Datenschutzgesetzen.<br><br><\/span><\/p>\n<h3>2 Verantwortlicher f\u00fcr die Datenbearbeitung<\/h3>\n<p style=\"line-height: 100%; margin-bottom: 0cm;\"><span style=\"font-family: Arial, sans-serif;\">Verantwortlicher f\u00fcr die Datenbearbeitung auf dieser Website und Ansprechpartner f\u00fcr Datenschutzanliegen ist:<br>LEMONTEC AG<br>Blumentalstrasse 10<br>+41 (0)44 515 01 90<br><a href=\"mailto:info@lemontec.ch\">info@lemontec.ch<br><br><\/a><\/span><\/p>\n<h3>3 Datenerfassung auf dieser Website<\/h3>\n<h4>3.1 Logfiles<\/h4>\n<p style=\"line-height: 100%; margin-bottom: 0cm;\"><span style=\"font-family: Arial, sans-serif;\">Unsere Website wird von peaknetworks (https:\/\/www.peaknetworks.ch\/) gehostet. Zur Optimierung und Aufrechterhaltung unserer Website protokollieren wir technische Fehler, die beim Aufrufen unserer Website allenfalls auftreten. Ferner werden bei der Nutzung dieser Website automatisch Informationen erhoben, die der Browser Ihres<br>Endger\u00e4ts an unseren Host-Provider \u00fcbermittelt. Dies sind:<\/span><\/p>\n<p>IP-Adresse und Betriebssystem Ihres Endger\u00e4ts,<br>Browsertyp, Version, Sprache<br>Datum und Uhrzeit der Serveranfrage,<br>aufgerufene Datei,<br>die Website, von der aus der Zugriff erfolgte (Referrer URL),<br>den Status-Code (z.B. 404) und das verwendete \u00dcbertragungsprotokoll (z.B. HTTP\/2).<\/p>\n<p style=\"line-height: 100%; margin-bottom: 0cm;\"><span style=\"font-family: Arial, sans-serif;\">Diese Daten werden von unserem Host-Provider erhoben und gespeichert, um Prozesse und Abl\u00e4ufe insbesondere in Zusammenhang mit der Nutzung unserer Website und der Sicherheit und Stabilit\u00e4t des Computersystems optimieren zu k\u00f6nnen. Weitere Informationen finden Sie in der Datenschutzerkl\u00e4rung der Firma peaknetworks unter <a href=\"https:\/\/www.peaknetworks.ch\/datenschutz\">https:\/\/www.peaknetworks.ch\/datenschutz<\/a>.<\/span><\/p>\n<p>Sofern die DSGVO anwendbar ist, sind Grundlage f\u00fcr diese Datenbearbeitung<br>Art. 6 Abs. 1 lit. f DSGVO.<\/p>\n<p style=\"line-height: 100%; margin-bottom: 0cm;\">\n<\/p><h4>3.2 Kontaktformular<\/h4>\n<p style=\"line-height: 100%; margin-bottom: 0cm;\"><span style=\"font-family: Arial, sans-serif;\">Wenn Sie unser Kontaktformular benutzen, werden Ihre Angaben aus dem Anfrageformular zur Bearbeitung der Anfrage und f\u00fcr den Fall von Anschlussfragen von uns&nbsp; bearbeitet. In der Regel ben\u00f6tigen wir folgende Angaben:<\/span><\/p>\n<p>Vor- und Nachname<br>Firma<br>E-Mail-Adresse<br>Adresse<br>Telefonnummer<br>Betreff<br>Nachrichteninhalt<\/p>\n<p>Wir verwenden die von Ihnen mitgeteilten Daten, um Ihre Anfrage zu beantworten. Sofern die DSGVO anwendbar ist, sind Grundlage f\u00fcr diese Datenbearbeitung Art. 6 Abs. 1 lit. f DSGVO.<\/p>\n<p style=\"line-height: 100%; margin-bottom: 0cm;\">\n<\/p><h4>3.3 Cookies<\/h4>\n<p style=\"line-height: 100%; margin-bottom: 0cm;\"><span style=\"font-family: Arial, sans-serif;\">Wir setzen auf unserer Website Cookies ein. Cookies sind kleine Dateien, die auf Ihrem Endger\u00e4t abgelegt werden und die Ihr Browser speichert. Einige der von uns verwendeten Cookies werden automatisch gel\u00f6scht, wenn Sie unsere Website verlassen. Andere Cookies bleiben auf Ihrem Endger\u00e4t gespeichert, bis Sie diese l\u00f6schen oder bis sie ablaufen. Diese Cookies erm\u00f6glichen es, Ihren Browser beim n\u00e4chsten Besuch unserer Website wiederzuerkennen. In Ihrem Browser k\u00f6nnen Sie einstellen, dass Sie \u00fcber das Setzen von Cookies vorab informiert werden und im Einzelfall entscheiden k\u00f6nnen, ob Sie die Annahme von Cookies f\u00fcr bestimmte F\u00e4lle oder generell ausschliessen, oder dass Cookies komplett verhindert werden. Dadurch kann die Funktionalit\u00e4t der Website eingeschr\u00e4nkt werden. Cookies, die f\u00fcr den elektronischen Kommunikationsvorgang oder von Ihnen gew\u00fcnschte Funktionen erforderlich sind oder Ihr Benutzererlebnis optimieren, werden \u2013 sofern die DSGVO anwendbar ist \u2013 auf Grundlage von Art. 6 Abs. 1 lit. f DSGVO gespeichert.<br><br><\/span><\/p>\n<p style=\"line-height: 100%; margin-bottom: 0cm;\">\n<\/p><h4>3.4 Newsletter<\/h4>\n<p style=\"line-height: 100%; margin-bottom: 0cm;\"><span style=\"font-family: Arial, sans-serif;\">Wir bieten einen Newsletter an, den Sie abonnieren k\u00f6nnen. Wenn Sie sich f\u00fcr den Newsletter anmelden, so erfassen wir mindestens Ihre E-Mail-Adresse. Unser externer Newsletter-Dienstleister kann weitere Daten erfassen; wir verweisen hierzu auf seine Datenschutzerkl\u00e4rung (siehe unten).<br>Wir verwenden Ihre E-Mail-Adresse, um Ihnen den Newsletter per E-Mail zuzustellen. Sofern die DSGVO anwendbar ist, ist Grundlage f\u00fcr die Datenbearbeitung Art. 6 Abs. 1 lit. f DSGVO.<br><br><\/span><\/p>\n<p style=\"line-height: 100%; margin-bottom: 0cm;\">\n<\/p><h4>3.5 Newsletter-Analytics<\/h4>\n<p style=\"line-height: 100%; margin-bottom: 0cm;\"><span style=\"font-family: Arial, sans-serif;\">Wir nutzen einen Analysedienst, um die Reichweite unseres Newsletters zu messen. Gemessen wird, wie oft der Newsletter ge\u00f6ffnet wird und welchen Links der Empf\u00e4nger folgt. Sofern die DSGVO anwendbar ist, ist Grundlage f\u00fcr die Datenbearbeitung Art. 6 Abs. 1 lit. f DSGVO.<br><br><\/span><\/p>\n<p style=\"line-height: 100%; margin-bottom: 0cm;\">\n<\/p><h4>3.6 Registrierung<\/h4>\n<p style=\"line-height: 100%; margin-bottom: 0cm;\"><span style=\"font-family: Arial, sans-serif;\">Wenn Sie auf unserer Webseite ein Konto er\u00f6ffnen, werden die von Ihnen eingegebenen Informationen gespeichert. Wir erfassen folgende Angaben:<\/span><\/p>\n<p>Vor- und Nachname<br>Firma<br>E-Mail-Adresse<br>Adresse<br>Telefonnummer<br><br>Wir verwenden die Daten, um Ihnen das Konto zur Verf\u00fcgung stellen zu k\u00f6nnen. Sofern die DSGVO anwendbar ist, sind Grundlage f\u00fcr diese Datenbearbeitung Art. 6 Abs. 1 lit. b und f DSGVO.<\/p>\n<h4>4 Externe Dienste<\/h4>\n<p style=\"line-height: 100%; margin-bottom: 0cm;\"><span style=\"font-family: Arial, sans-serif;\">Auf unserer Website setzen wir verschiedene Dienste von Drittanbietern ein. Nachfolgend legen wir im Einzelnen dar, um welche Dienste es sich handelt, wof\u00fcr wir sie&nbsp; einsetzen und welche Daten gesammelt werden. <\/span><\/p>\n<p>Wir nutzen &lt;PRODUKTNAME&gt; von &lt;NAME UND ADRESSE DES ANBIETERS&gt;.<br>&lt;BESCHREIBUNG DER FUNKTIONSWEISE DES PRODUKTS&gt;<\/p>\n<p style=\"line-height: 100%; margin-bottom: 0cm;\"><span style=\"font-family: Arial, sans-serif;\">Sofern die DSGVO anwendbar ist, ist Grundlage f\u00fcr die Datenbearbeitung Art. 6 Abs. 1 lit. a DSGVO oder Art. 6 Abs. 1 lit. b DSGVO oder Art. 6 Abs. 1 lit. f DSGVO.<\/span><\/p>\n<p>Die Datenschutzerkl\u00e4rung von &lt;ANBIETER&gt; finden Sie unter &lt;URL&gt;.<\/p>\n<h4>5 Links<\/h4>\n<p style=\"line-height: 100%; margin-bottom: 0cm;\"><span style=\"font-family: Arial, sans-serif;\">Auf unserer Website finden Sie Links auf Seiten von Drittanbietern. Wir sind nicht verantwortlich f\u00fcr die Inhalte und Datenschutzvorkehrungen auf externen Websites, welche Sie \u00fcber die Links erreichen k\u00f6nnen. Bitte informieren Sie sich \u00fcber den Datenschutz direkt auf den entsprechenden Websites.<br><br><\/span><\/p>\n<h4>6 Weitergabe von Daten an Dritte<\/h4>\n<p style=\"line-height: 100%; margin-bottom: 0cm;\"><span style=\"font-family: Arial, sans-serif;\">Damit wir Ihnen die Informationen auf unserer Website anbieten k\u00f6nnen, arbeiten wir mit verschiedenen Dienstleistern zusammen, namentlich mit IT-Dienstleistern, um Ihnen eine zeitgem\u00e4sse Website anbieten zu k\u00f6nnen. Diese verwenden Ihre Daten nur im Rahmen der Auftragsabwicklungen f\u00fcr uns. Mit Ausnahme der Bestimmungen in Ziffer 3.4 dieser Datenschutzerkl\u00e4rung, nehmen wir eine Daten\u00fcbermittlung an Stellen ausserhalb der Schweiz und der Europ\u00e4ischen Union (Drittstaat) ohne Ihre Einwilligung nur vor, sofern dies nach dem jeweiligen Vertrag erforderlich ist, zur Erf\u00fcllung gesetzlicher Verpflichtungen oder zur Wahrung unserer berechtigten Interessen.<br><br><\/span><\/p>\n<h4>7 Ihre Rechte<\/h4>\n<p style=\"line-height: 100%; margin-bottom: 0cm;\"><span style=\"font-family: Arial, sans-serif;\">Soweit von dem auf Sie anwendbaren Datenschutzrecht vorgesehen, k\u00f6nnen Sie unentgeltlich Auskunft \u00fcber die auf Sie bezogenen gespeicherten Daten, deren Herkunft&nbsp; und Empf\u00e4nger und den Zweck der Datenbearbeitung verlangen. Ebenso steht Ihnen unter den gesetzlichen Voraussetzungen ein Recht auf Berichtigung, L\u00f6schung,&nbsp; Einschr\u00e4nkung der oder Widerspruch gegen die Bearbeitung sowie, sofern die DSGVO zur Anwendung gelangt, auf Herausgabe dieser Daten zur \u00dcbertragung an eine andere Stelle zu. Eine von Ihnen erteilte Einwilligung k\u00f6nnen Sie mit Wirkung f\u00fcr die Zukunft jederzeit widerrufen. Dazu reicht eine formlose Mitteilung per E-Mail an uns.&nbsp; Bitte beachten Sie, dass die vorstehenden Rechte gesetzlichen Einschr\u00e4nkungen unterstehen und ggf. die Erbringung unserer Dienstleistungen beeintr\u00e4chtigen oder&nbsp; verunm\u00f6glichen k\u00f6nnen.<br>Sie sind berechtigt, Ihre Anspr\u00fcche gerichtlich durchzusetzen oder eine Beschwerde bei der zust\u00e4ndigen Datenschutzbeh\u00f6rde einzureichen. F\u00fcr die Schweiz ist der&nbsp; Eidgen\u00f6ssische Datenschutz- und \u00d6ffentlichkeitsbeauftragte zust\u00e4ndig (<a href=\"http:\/\/www.edoeb.admin.ch\/\">http:\/\/www.edoeb.admin.ch<\/a>).<br><br><\/span><\/p>\n<h4>8 Aktualit\u00e4t und \u00c4nderung dieser Datenschutzerkl\u00e4rung<\/h4>\n<p style=\"line-height: 100%; margin-bottom: 0cm;\"><span style=\"font-family: Arial, sans-serif;\">Wir k\u00f6nnen diese Datenschutzerkl\u00e4rung jederzeit \u00e4ndern oder anpassen. Die aktuelle Datenschutzerkl\u00e4rung kann auf <a href=\"https:\/\/lemontec.ch\/it\/datenschutzerklaerung\/\">https:\/\/lemontec.ch\/datenschutzerklaerung\/<\/a><br>abgerufen werden.<\/span><\/p>\n<\/div>\n<\/article>\n<\/div>\t\t\t\t\t\t<\/div>\n\t\t\t\t<\/div>\n\t\t\t\t\t<\/div>\n\t\t<\/div>\n\t\t\t\t\t<\/div>\n\t\t<\/section>\n\t\t\t\t<\/div>","protected":false},"excerpt":{"rendered":"<p>Datenschutzerkl\u00e4rung 1 Datenschutzerkl\u00e4rung Die vorliegende Datenschutzerkl\u00e4rung kl\u00e4rt Sie \u00fcber die Art, den Umfang und den Zweck der Erhebung und Verwendung personenbezogener Daten auf unserer Website LEMONTEC.CH (im Folgenden \u201eWebsite\u201c) durch die LEMONTEC AG (im Folgenden \u201ewir\u201c oder \u201euns\u201c) auf und gibt \u00fcber die Ihnen zustehenden Rechte Auskunft. Diese Rechte richten sich nach den anwendbaren Datenschutzgesetzen. [&hellip;]<\/p>","protected":false},"author":1,"featured_media":0,"parent":0,"menu_order":0,"comment_status":"closed","ping_status":"closed","template":"","meta":{"footnotes":""},"class_list":["post-754","page","type-page","status-publish","hentry","entry"],"_links":{"self":[{"href":"https:\/\/lemontec.ch\/it\/wp-json\/wp\/v2\/pages\/754","targetHints":{"allow":["GET"]}}],"collection":[{"href":"https:\/\/lemontec.ch\/it\/wp-json\/wp\/v2\/pages"}],"about":[{"href":"https:\/\/lemontec.ch\/it\/wp-json\/wp\/v2\/types\/page"}],"author":[{"embeddable":true,"href":"https:\/\/lemontec.ch\/it\/wp-json\/wp\/v2\/users\/1"}],"replies":[{"embeddable":true,"href":"https:\/\/lemontec.ch\/it\/wp-json\/wp\/v2\/comments?post=754"}],"version-history":[{"count":19,"href":"https:\/\/lemontec.ch\/it\/wp-json\/wp\/v2\/pages\/754\/revisions"}],"predecessor-version":[{"id":776,"href":"https:\/\/lemontec.ch\/it\/wp-json\/wp\/v2\/pages\/754\/revisions\/776"}],"wp:attachment":[{"href":"https:\/\/lemontec.ch\/it\/wp-json\/wp\/v2\/media?parent=754"}],"curies":[{"name":"wp","href":"https:\/\/api.w.org\/{rel}","templated":true}]}}