{"id":892,"date":"2026-01-13T17:37:39","date_gmt":"2026-01-13T16:37:39","guid":{"rendered":"https:\/\/lemontec.ch\/?page_id=892"},"modified":"2026-01-13T17:59:55","modified_gmt":"2026-01-13T16:59:55","slug":"service-revisionen","status":"publish","type":"page","link":"https:\/\/lemontec.ch\/fr\/service-revisionen\/","title":{"rendered":"Service-Revisionen"},"content":{"rendered":"<div data-elementor-type=\"wp-page\" data-elementor-id=\"892\" class=\"elementor elementor-892\">\n\t\t\t\t\t\t<section class=\"elementor-section elementor-top-section elementor-element elementor-element-1c8a5da elementor-section-boxed elementor-section-height-default elementor-section-height-default\" data-id=\"1c8a5da\" data-element_type=\"section\">\n\t\t\t\t\t\t<div class=\"elementor-container elementor-column-gap-default\">\n\t\t\t\t\t<div class=\"elementor-column elementor-col-100 elementor-top-column elementor-element elementor-element-d9b8bac\" data-id=\"d9b8bac\" data-element_type=\"column\">\n\t\t\t<div class=\"elementor-widget-wrap elementor-element-populated\">\n\t\t\t\t\t\t<div class=\"elementor-element elementor-element-3067153 elementor-widget elementor-widget-spacer\" data-id=\"3067153\" data-element_type=\"widget\" data-widget_type=\"spacer.default\">\n\t\t\t\t<div class=\"elementor-widget-container\">\n\t\t\t\t\t<div class=\"elementor-spacer\">\n\t\t\t<div class=\"elementor-spacer-inner\"><\/div>\n\t\t<\/div>\n\t\t\t\t<\/div>\n\t\t\t\t<\/div>\n\t\t\t\t\t<\/div>\n\t\t<\/div>\n\t\t\t\t\t<\/div>\n\t\t<\/section>\n\t\t\t\t<section class=\"elementor-section elementor-top-section elementor-element elementor-element-92fb2fa elementor-section-boxed elementor-section-height-default elementor-section-height-default\" data-id=\"92fb2fa\" data-element_type=\"section\">\n\t\t\t\t\t\t<div class=\"elementor-container elementor-column-gap-default\">\n\t\t\t\t\t<div class=\"elementor-column elementor-col-100 elementor-top-column elementor-element elementor-element-3e7f4e6\" data-id=\"3e7f4e6\" data-element_type=\"column\">\n\t\t\t<div class=\"elementor-widget-wrap elementor-element-populated\">\n\t\t\t\t\t\t<div class=\"elementor-element elementor-element-1c2d7fe elementor-widget elementor-widget-heading\" data-id=\"1c2d7fe\" data-element_type=\"widget\" data-widget_type=\"heading.default\">\n\t\t\t\t<div class=\"elementor-widget-container\">\n\t\t\t<h2 class=\"elementor-heading-title elementor-size-large\">Service \/ R\u00e9visions<\/h2>\t\t<\/div>\n\t\t\t\t<\/div>\n\t\t\t\t<div class=\"elementor-element elementor-element-3eb61d9 elementor-widget elementor-widget-text-editor\" data-id=\"3eb61d9\" data-element_type=\"widget\" data-widget_type=\"text-editor.default\">\n\t\t\t\t<div class=\"elementor-widget-container\">\n\t\t\t\t\t\t\t<p>\u00a0(Seite im Aufbau)<\/p>\t\t\t\t\t\t<\/div>\n\t\t\t\t<\/div>\n\t\t\t\t\t<\/div>\n\t\t<\/div>\n\t\t\t\t\t<\/div>\n\t\t<\/section>\n\t\t\t\t<section class=\"elementor-section elementor-top-section elementor-element elementor-element-d3a0ccf elementor-section-boxed elementor-section-height-default elementor-section-height-default\" data-id=\"d3a0ccf\" data-element_type=\"section\">\n\t\t\t\t\t\t<div class=\"elementor-container elementor-column-gap-default\">\n\t\t\t\t\t<div class=\"elementor-column elementor-col-100 elementor-top-column elementor-element elementor-element-e098f30\" data-id=\"e098f30\" data-element_type=\"column\">\n\t\t\t<div class=\"elementor-widget-wrap elementor-element-populated\">\n\t\t\t\t\t\t<section class=\"elementor-section elementor-inner-section elementor-element elementor-element-51bfde4 elementor-section-boxed elementor-section-height-default elementor-section-height-default\" data-id=\"51bfde4\" data-element_type=\"section\">\n\t\t\t\t\t\t<div class=\"elementor-container elementor-column-gap-default\">\n\t\t\t\t\t<div class=\"elementor-column elementor-col-50 elementor-inner-column elementor-element elementor-element-1a9f47d\" data-id=\"1a9f47d\" data-element_type=\"column\">\n\t\t\t<div class=\"elementor-widget-wrap elementor-element-populated\">\n\t\t\t\t\t\t<div class=\"elementor-element elementor-element-35c25c3 elementor-widget__width-initial elementor-widget elementor-widget-image\" data-id=\"35c25c3\" data-element_type=\"widget\" data-widget_type=\"image.default\">\n\t\t\t\t<div class=\"elementor-widget-container\">\n\t\t\t\t\t\t\t\t\t\t\t\t\t<img fetchpriority=\"high\" decoding=\"async\" width=\"800\" height=\"400\" src=\"https:\/\/lemontec.ch\/wp-content\/uploads\/2023\/09\/Servicefahrzeug.png\" class=\"attachment-large size-large wp-image-288\" alt=\"\" srcset=\"https:\/\/lemontec.ch\/wp-content\/uploads\/2023\/09\/Servicefahrzeug.png 800w, https:\/\/lemontec.ch\/wp-content\/uploads\/2023\/09\/Servicefahrzeug-300x150.png 300w, https:\/\/lemontec.ch\/wp-content\/uploads\/2023\/09\/Servicefahrzeug-768x384.png 768w\" sizes=\"(max-width: 800px) 100vw, 800px\" \/>\t\t\t\t\t\t\t\t\t\t\t\t\t<\/div>\n\t\t\t\t<\/div>\n\t\t\t\t\t<\/div>\n\t\t<\/div>\n\t\t\t\t<div class=\"elementor-column elementor-col-50 elementor-inner-column elementor-element elementor-element-7b2128a\" data-id=\"7b2128a\" data-element_type=\"column\">\n\t\t\t<div class=\"elementor-widget-wrap elementor-element-populated\">\n\t\t\t\t\t\t<div class=\"elementor-element elementor-element-936c0e7 elementor-widget elementor-widget-text-editor\" data-id=\"936c0e7\" data-element_type=\"widget\" data-widget_type=\"text-editor.default\">\n\t\t\t\t<div class=\"elementor-widget-container\">\n\t\t\t\t\t\t\t<p>Nous sommes en mesure de r\u00e9viser ou de r\u00e9parer des validateurs de monnaies, des validateurs de billets, des hoppers, des imprimantes de re\u00e7us, etc. de divers fabricants.<br \/>Si le probl\u00e8me ne peut pas \u00eatre r\u00e9solu en interne, nous proposons un service sur place dans toute la Suisse.<\/p>\t\t\t\t\t\t<\/div>\n\t\t\t\t<\/div>\n\t\t\t\t<div class=\"elementor-element elementor-element-b56fe66 elementor-widget elementor-widget-text-editor\" data-id=\"b56fe66\" data-element_type=\"widget\" data-widget_type=\"text-editor.default\">\n\t\t\t\t<div class=\"elementor-widget-container\">\n\t\t\t\t\t\t\t<p>Mehr &#8230;<\/p>\t\t\t\t\t\t<\/div>\n\t\t\t\t<\/div>\n\t\t\t\t\t<\/div>\n\t\t<\/div>\n\t\t\t\t\t<\/div>\n\t\t<\/section>\n\t\t\t\t<div class=\"elementor-element elementor-element-83b79f3 elementor-widget-divider--view-line elementor-widget elementor-widget-divider\" data-id=\"83b79f3\" data-element_type=\"widget\" data-widget_type=\"divider.default\">\n\t\t\t\t<div class=\"elementor-widget-container\">\n\t\t\t\t\t<div class=\"elementor-divider\">\n\t\t\t<span class=\"elementor-divider-separator\">\n\t\t\t\t\t\t<\/span>\n\t\t<\/div>\n\t\t\t\t<\/div>\n\t\t\t\t<\/div>\n\t\t\t\t\t<\/div>\n\t\t<\/div>\n\t\t\t\t\t<\/div>\n\t\t<\/section>\n\t\t\t\t<\/div>","protected":false},"excerpt":{"rendered":"<p>Service \/ Revisionen \u00a0(Seite im Aufbau) Wir sind in der Lage M\u00fcnzpr\u00fcfer, Notenpr\u00fcfer, Hopper, Quittungsdrucker usw. diverser Hersteller zu revidieren bzw. reparieren.Falls das Problem nicht inhouse gel\u00f6st werden kann, bieten wir schweizweit vor Ort Service an. Mehr &#8230;<\/p>","protected":false},"author":1,"featured_media":0,"parent":0,"menu_order":0,"comment_status":"closed","ping_status":"closed","template":"","meta":{"footnotes":""},"class_list":["post-892","page","type-page","status-publish","hentry","entry"],"_links":{"self":[{"href":"https:\/\/lemontec.ch\/fr\/wp-json\/wp\/v2\/pages\/892","targetHints":{"allow":["GET"]}}],"collection":[{"href":"https:\/\/lemontec.ch\/fr\/wp-json\/wp\/v2\/pages"}],"about":[{"href":"https:\/\/lemontec.ch\/fr\/wp-json\/wp\/v2\/types\/page"}],"author":[{"embeddable":true,"href":"https:\/\/lemontec.ch\/fr\/wp-json\/wp\/v2\/users\/1"}],"replies":[{"embeddable":true,"href":"https:\/\/lemontec.ch\/fr\/wp-json\/wp\/v2\/comments?post=892"}],"version-history":[{"count":7,"href":"https:\/\/lemontec.ch\/fr\/wp-json\/wp\/v2\/pages\/892\/revisions"}],"predecessor-version":[{"id":922,"href":"https:\/\/lemontec.ch\/fr\/wp-json\/wp\/v2\/pages\/892\/revisions\/922"}],"wp:attachment":[{"href":"https:\/\/lemontec.ch\/fr\/wp-json\/wp\/v2\/media?parent=892"}],"curies":[{"name":"wp","href":"https:\/\/api.w.org\/{rel}","templated":true}]}}